{"id":73,"date":"2025-09-16T23:55:18","date_gmt":"2025-09-16T21:55:18","guid":{"rendered":"https:\/\/cesson-sevigne-une-ville-pour-tous.fr\/?page_id=73"},"modified":"2025-09-16T23:58:19","modified_gmt":"2025-09-16T21:58:19","slug":"declaration-de-confidentialite","status":"publish","type":"page","link":"https:\/\/cesson-sevigne-une-ville-pour-tous.fr\/index.php\/declaration-de-confidentialite\/","title":{"rendered":"D\u00e9claration de Confidentialit\u00e9"},"content":{"rendered":"\t\t<div data-elementor-type=\"wp-page\" data-elementor-id=\"73\" class=\"elementor elementor-73\">\n\t\t\t\t<div class=\"elementor-element elementor-element-8ed3556 e-flex e-con-boxed e-con e-parent\" data-id=\"8ed3556\" data-element_type=\"container\">\n\t\t\t\t\t<div class=\"e-con-inner\">\n\t\t<div class=\"elementor-element elementor-element-f55c951 e-con-full e-flex e-con e-child\" data-id=\"f55c951\" data-element_type=\"container\">\n\t\t\t\t<div class=\"elementor-element elementor-element-89920a8 elementor-widget__width-initial elementor-widget elementor-widget-image\" data-id=\"89920a8\" data-element_type=\"widget\" data-widget_type=\"image.default\">\n\t\t\t\t\t\t\t\t\t\t\t\t\t\t\t<img fetchpriority=\"high\" decoding=\"async\" width=\"256\" height=\"256\" src=\"https:\/\/cesson-sevigne-une-ville-pour-tous.fr\/wp-content\/uploads\/2025\/09\/Logo-B-fondBlanc.png\" class=\"attachment-large size-large wp-image-7\" alt=\"\" srcset=\"https:\/\/cesson-sevigne-une-ville-pour-tous.fr\/wp-content\/uploads\/2025\/09\/Logo-B-fondBlanc.png 256w, https:\/\/cesson-sevigne-une-ville-pour-tous.fr\/wp-content\/uploads\/2025\/09\/Logo-B-fondBlanc-150x150.png 150w\" sizes=\"(max-width: 256px) 100vw, 256px\" \/>\t\t\t\t\t\t\t\t\t\t\t\t\t\t\t<\/div>\n\t\t\t\t<\/div>\n\t\t<div class=\"elementor-element elementor-element-89ffb91 e-con-full e-flex e-con e-child\" data-id=\"89ffb91\" data-element_type=\"container\">\n\t\t\t\t<div class=\"elementor-element elementor-element-167bca9 elementor-widget elementor-widget-heading\" data-id=\"167bca9\" data-element_type=\"widget\" data-widget_type=\"heading.default\">\n\t\t\t\t\t<h2 class=\"elementor-heading-title elementor-size-default\">D\u00e9claration de Confidentialit\u00e9<\/h2>\t\t\t\t<\/div>\n\t\t\t\t<\/div>\n\t\t\t\t\t<\/div>\n\t\t\t\t<\/div>\n\t\t<div class=\"elementor-element elementor-element-8bd0c2e e-flex e-con-boxed e-con e-parent\" data-id=\"8bd0c2e\" data-element_type=\"container\">\n\t\t\t\t\t<div class=\"e-con-inner\">\n\t\t<div class=\"elementor-element elementor-element-2d8ff7d e-con-full e-flex e-con e-child\" data-id=\"2d8ff7d\" data-element_type=\"container\">\n\t\t\t\t<\/div>\n\t\t<div class=\"elementor-element elementor-element-0f5f76c e-con-full e-flex e-con e-child\" data-id=\"0f5f76c\" data-element_type=\"container\">\n\t\t\t\t<div class=\"elementor-element elementor-element-e2e9517 elementor-widget elementor-widget-text-editor\" data-id=\"e2e9517\" data-element_type=\"widget\" data-widget_type=\"text-editor.default\">\n\t\t\t\t\t\t\t\t\t<div class=\"et_pb_row et_pb_row_1\"><div class=\"et_pb_column et_pb_column_4_4 et_pb_column_1 et_pb_css_mix_blend_mode_passthrough et-last-child et_pb_column_single\"><div class=\"et_pb_module et_pb_text et_pb_text_1 et_pb_text_align_left et_pb_bg_layout_light\"><div class=\"et_pb_text_inner\"><p><strong>Politique de confidentialit\u00e9<\/strong><\/p><p>La pr\u00e9sente Politique de confidentialit\u00e9 d\u00e9crit la fa\u00e7on dont vos informations personnelles sont recueillies, utilis\u00e9es et partag\u00e9es lorsque vous vous rendez<\/p><p>sur\u00a0 \u00a0 \u00a0 \u00a0 \u00a0 \u00a0 \u00a0 \u00a0 \u00a0 \u00a0 \u00a0 \u00a0 \u00a0 \u00a0 \u00a0 \u00a0 <a href=\"https:\/\/cesson-sevigne-une-ville-pour-tous.fr\">https:\/\/cesson-sevigne-une-ville-pour-tous.fr<\/a> (le \u00ab Site \u00bb).<\/p><p><strong>INFORMATIONS PERSONNELLES RECUEILLIES<\/strong><br \/>Lorsque vous vous rendez sur le Site, nous recueillons automatiquement certaines informations concernant votre appareil, notamment des informations sur votre navigateur web, votre adresse IP, votre fuseau horaire et certains des cookies qui sont install\u00e9s sur votre appareil. En outre, lorsque vous parcourez le Site, nous recueillons des informations sur les pages web que vous consultez, les sites web ou les termes de recherche qui vous ont permis d&rsquo;arriver sur le Site, ainsi que des informations sur la mani\u00e8re dont vous interagissez avec le Site. Nous d\u00e9signons ces informations collect\u00e9es automatiquement sous l&rsquo;appellation \u00ab Informations sur la visite \u00bb.<br \/>Nous recueillons les Informations sur la visite \u00e0 l&rsquo;aide des technologies suivantes :<\/p><p><strong>FICHIERS T\u00c9MOINS (COOKIES)<\/strong><br \/>Voici une liste de fichiers t\u00e9moins que nous utilisons. Nous les avons \u00e9num\u00e9r\u00e9s ici pour que vous ayez la possibilit\u00e9 de choisir si vous souhaitez les autoriser ou non.<\/p><ul><li>identificateur unique de session, nous permet de stocker les informations relatives \u00e0 votre session (r\u00e9f\u00e9rent, page de renvoi, etc.).<\/li><li>autres donn\u00e9es telles que votre adresse IP, le type de navigateur que vous utilisez, votre fournisseur d&rsquo;acc\u00e8s Internet, vos pages r\u00e9f\u00e9rentes et de sortie, et vos donn\u00e9es d&rsquo;horodatage (date et heure).<\/li><\/ul><p><strong>COMMENT UTILISONS-NOUS LES INFORMATIONS SUR LA VISITE?<\/strong><br \/>En r\u00e8gle g\u00e9n\u00e9rale, nous utilisons les Informations que vous souhaitez nous confier dans le cadre du m\u00e9canisme des newsletter auxquelles vous vous abonnez, et ceci de fa\u00e7on diff\u00e9renci\u00e9e pour chaque newsletter.<\/p><p>Nous utilisons les Informations sur l&rsquo;appareil (en particulier votre adresse IP) que nous recueillons pour \u00e9valuer les fraudes ou risques potentiels et, de mani\u00e8re plus g\u00e9n\u00e9rale, pour am\u00e9liorer et optimiser notre Site (par exemple, en g\u00e9n\u00e9rant des analyses sur la fa\u00e7on dont les visiteurs parcourent et interagissent avec le Site).<\/p><p><strong>PARTAGE DE VOS INFORMATIONS PERSONNELLES<\/strong><br \/>Nous ne partageons en aucun cas les Informations collect\u00e9es avec des tiers quels qu&rsquo;ils soient.<\/p><p><strong>NE PAS SUIVRE<\/strong><br \/>Veuillez noter que nous ne modifions pas la collecte de donn\u00e9es de notre Site et nos pratiques d&rsquo;utilisation lorsque nous d\u00e9tectons un signal \u00ab Ne pas suivre \u00bb sur votre navigateur.<\/p><p><strong>VOS DROITS<\/strong><br \/>Si vous \u00eates r\u00e9sident(e) europ\u00e9en(ne), vous disposez d&rsquo;un droit d&rsquo;acc\u00e8s aux\u00a0 informations personnelles que nous d\u00e9tenons \u00e0 votre sujet et vous pouvez demander \u00e0 ce qu&rsquo;elles soient corrig\u00e9es, mises \u00e0 jour ou supprim\u00e9es. Si vous souhaitez exercer ce droit, veuillez nous contacter au moyen des coordonn\u00e9es pr\u00e9cis\u00e9es ci-dessous.<br \/>Par ailleurs, si vous \u00eates r\u00e9sident(e) europ\u00e9en(ne), notez que nous traitons vos informations dans le but de remplir nos obligations contractuelles \u00e0 votre<br \/>\u00e9gard . Veuillez \u00e9galement noter que vos informations ne seront en aucun cas transf\u00e9r\u00e9es hors de l&rsquo;Europe.<\/p><p><strong>R\u00c9TENTION DES DONN\u00c9ES<\/strong><br \/>Lorsque vous vous abonnez \u00e0 une newsletter sur le Site, nous conservons les Informations sur votre abonnement sauf si et jusqu&rsquo;\u00e0 ce que vous nous demandiez de les supprimer.<\/p><p><strong>MINEURS<\/strong><br \/>Le Site n&rsquo;est pas interdit aux mineurs, toutefois, le contenu politique peut exiger un contr\u00f4le pr\u00e9alable de la part des adultes r\u00e9f\u00e9rents.<\/p><p><strong>CHANGEMENTS<\/strong><br \/>Nous pouvons \u00eatre amen\u00e9s \u00e0 modifier la pr\u00e9sente politique de confidentialit\u00e9 de temps \u00e0 autre afin d&rsquo;y refl\u00e9ter, par exemple, les changements apport\u00e9s \u00e0<br \/>nos pratiques ou pour d&rsquo;autres motifs op\u00e9rationnels, juridiques ou r\u00e9glementaires.<\/p><p>Pour en savoir plus sur nos pratiques de confidentialit\u00e9, si vous avez des questions ou si vous souhaitez d\u00e9poser une r\u00e9clamation, veuillez nous contacter<br \/>par e-mail \u00e0<\/p><p><a href=\"mailto:asso@cesson-sevigne-une-ville-pour-tous.fr\">asso@cesson-sevigne-une-ville-pour-tous.fr<\/a>,<\/p><p>ou par courrier \u00e0 l&rsquo;adresse suivante :<\/p><p>Association Cesson-S\u00e9vign\u00e9, une ville pour tous<br \/>34 rue des Ormeaux,<br \/>35510 Cesson-S\u00e9vign\u00e9<\/p><p>\u00a0<\/p><\/div><\/div><\/div><\/div>\t\t\t\t\t\t\t\t<\/div>\n\t\t\t\t<\/div>\n\t\t\t\t\t<\/div>\n\t\t\t\t<\/div>\n\t\t\t\t<\/div>\n\t\t","protected":false},"excerpt":{"rendered":"<p>D\u00e9claration de Confidentialit\u00e9 Politique de confidentialit\u00e9 La pr\u00e9sente Politique de confidentialit\u00e9 d\u00e9crit la fa\u00e7on dont vos informations personnelles sont recueillies, utilis\u00e9es et partag\u00e9es lorsque vous vous rendez sur\u00a0 \u00a0 \u00a0 [&hellip;]<\/p>\n","protected":false},"author":1,"featured_media":0,"parent":0,"menu_order":0,"comment_status":"closed","ping_status":"open","template":"elementor_canvas","meta":{"footnotes":""},"class_list":["post-73","page","type-page","status-publish","hentry"],"yoast_head":"<!-- This site is optimized with the Yoast SEO plugin v26.4 - https:\/\/yoast.com\/wordpress\/plugins\/seo\/ -->\n<title>D\u00e9claration de Confidentialit\u00e9 - Cesson-S\u00e9vign\u00e9, une ville pour tous<\/title>\n<meta name=\"robots\" content=\"index, follow, max-snippet:-1, max-image-preview:large, max-video-preview:-1\" \/>\n<link rel=\"canonical\" href=\"https:\/\/cesson-sevigne-une-ville-pour-tous.fr\/index.php\/declaration-de-confidentialite\/\" \/>\n<meta property=\"og:locale\" content=\"fr_FR\" \/>\n<meta property=\"og:type\" content=\"article\" \/>\n<meta property=\"og:title\" content=\"D\u00e9claration de Confidentialit\u00e9 - Cesson-S\u00e9vign\u00e9, une ville pour tous\" \/>\n<meta property=\"og:description\" content=\"D\u00e9claration de Confidentialit\u00e9 Politique de confidentialit\u00e9 La pr\u00e9sente Politique de confidentialit\u00e9 d\u00e9crit la fa\u00e7on dont vos informations personnelles sont recueillies, utilis\u00e9es et partag\u00e9es lorsque vous vous rendez sur\u00a0 \u00a0 \u00a0 [&hellip;]\" \/>\n<meta property=\"og:url\" content=\"https:\/\/cesson-sevigne-une-ville-pour-tous.fr\/index.php\/declaration-de-confidentialite\/\" \/>\n<meta property=\"og:site_name\" content=\"Cesson-S\u00e9vign\u00e9, une ville pour tous\" \/>\n<meta property=\"article:modified_time\" content=\"2025-09-16T21:58:19+00:00\" \/>\n<meta property=\"og:image\" content=\"https:\/\/cesson-sevigne-une-ville-pour-tous.fr\/wp-content\/uploads\/2025\/09\/Logo-B-fondBlanc.png\" \/>\n\t<meta property=\"og:image:width\" content=\"256\" \/>\n\t<meta property=\"og:image:height\" content=\"256\" \/>\n\t<meta property=\"og:image:type\" content=\"image\/png\" \/>\n<meta name=\"twitter:card\" content=\"summary_large_image\" \/>\n<meta name=\"twitter:label1\" content=\"Dur\u00e9e de lecture estim\u00e9e\" \/>\n\t<meta name=\"twitter:data1\" content=\"3 minutes\" \/>\n<script type=\"application\/ld+json\" class=\"yoast-schema-graph\">{\"@context\":\"https:\/\/schema.org\",\"@graph\":[{\"@type\":\"WebPage\",\"@id\":\"https:\/\/cesson-sevigne-une-ville-pour-tous.fr\/index.php\/declaration-de-confidentialite\/\",\"url\":\"https:\/\/cesson-sevigne-une-ville-pour-tous.fr\/index.php\/declaration-de-confidentialite\/\",\"name\":\"D\u00e9claration de Confidentialit\u00e9 - Cesson-S\u00e9vign\u00e9, une ville pour tous\",\"isPartOf\":{\"@id\":\"https:\/\/cesson-sevigne-une-ville-pour-tous.fr\/#website\"},\"primaryImageOfPage\":{\"@id\":\"https:\/\/cesson-sevigne-une-ville-pour-tous.fr\/index.php\/declaration-de-confidentialite\/#primaryimage\"},\"image\":{\"@id\":\"https:\/\/cesson-sevigne-une-ville-pour-tous.fr\/index.php\/declaration-de-confidentialite\/#primaryimage\"},\"thumbnailUrl\":\"https:\/\/cesson-sevigne-une-ville-pour-tous.fr\/wp-content\/uploads\/2025\/09\/Logo-B-fondBlanc.png\",\"datePublished\":\"2025-09-16T21:55:18+00:00\",\"dateModified\":\"2025-09-16T21:58:19+00:00\",\"breadcrumb\":{\"@id\":\"https:\/\/cesson-sevigne-une-ville-pour-tous.fr\/index.php\/declaration-de-confidentialite\/#breadcrumb\"},\"inLanguage\":\"fr-FR\",\"potentialAction\":[{\"@type\":\"ReadAction\",\"target\":[\"https:\/\/cesson-sevigne-une-ville-pour-tous.fr\/index.php\/declaration-de-confidentialite\/\"]}]},{\"@type\":\"ImageObject\",\"inLanguage\":\"fr-FR\",\"@id\":\"https:\/\/cesson-sevigne-une-ville-pour-tous.fr\/index.php\/declaration-de-confidentialite\/#primaryimage\",\"url\":\"https:\/\/cesson-sevigne-une-ville-pour-tous.fr\/wp-content\/uploads\/2025\/09\/Logo-B-fondBlanc.png\",\"contentUrl\":\"https:\/\/cesson-sevigne-une-ville-pour-tous.fr\/wp-content\/uploads\/2025\/09\/Logo-B-fondBlanc.png\",\"width\":256,\"height\":256},{\"@type\":\"BreadcrumbList\",\"@id\":\"https:\/\/cesson-sevigne-une-ville-pour-tous.fr\/index.php\/declaration-de-confidentialite\/#breadcrumb\",\"itemListElement\":[{\"@type\":\"ListItem\",\"position\":1,\"name\":\"Accueil\",\"item\":\"https:\/\/cesson-sevigne-une-ville-pour-tous.fr\/\"},{\"@type\":\"ListItem\",\"position\":2,\"name\":\"D\u00e9claration de Confidentialit\u00e9\"}]},{\"@type\":\"WebSite\",\"@id\":\"https:\/\/cesson-sevigne-une-ville-pour-tous.fr\/#website\",\"url\":\"https:\/\/cesson-sevigne-une-ville-pour-tous.fr\/\",\"name\":\"Cesson-S\u00e9vign\u00e9, une ville pour tous\",\"description\":\"Cesson-S\u00e9vign\u00e9, une ville pour tous\",\"publisher\":{\"@id\":\"https:\/\/cesson-sevigne-une-ville-pour-tous.fr\/#organization\"},\"potentialAction\":[{\"@type\":\"SearchAction\",\"target\":{\"@type\":\"EntryPoint\",\"urlTemplate\":\"https:\/\/cesson-sevigne-une-ville-pour-tous.fr\/?s={search_term_string}\"},\"query-input\":{\"@type\":\"PropertyValueSpecification\",\"valueRequired\":true,\"valueName\":\"search_term_string\"}}],\"inLanguage\":\"fr-FR\"},{\"@type\":\"Organization\",\"@id\":\"https:\/\/cesson-sevigne-une-ville-pour-tous.fr\/#organization\",\"name\":\"Cesson-S\u00e9vign\u00e9, une ville pour tous\",\"url\":\"https:\/\/cesson-sevigne-une-ville-pour-tous.fr\/\",\"logo\":{\"@type\":\"ImageObject\",\"inLanguage\":\"fr-FR\",\"@id\":\"https:\/\/cesson-sevigne-une-ville-pour-tous.fr\/#\/schema\/logo\/image\/\",\"url\":\"https:\/\/cesson-sevigne-une-ville-pour-tous.fr\/wp-content\/uploads\/2025\/09\/cropped-Logo-B-fondBlanc-1.png\",\"contentUrl\":\"https:\/\/cesson-sevigne-une-ville-pour-tous.fr\/wp-content\/uploads\/2025\/09\/cropped-Logo-B-fondBlanc-1.png\",\"width\":256,\"height\":256,\"caption\":\"Cesson-S\u00e9vign\u00e9, une ville pour tous\"},\"image\":{\"@id\":\"https:\/\/cesson-sevigne-une-ville-pour-tous.fr\/#\/schema\/logo\/image\/\"},\"sameAs\":[\"https:\/\/www.instagram.com\/cessonunevillepourtous\"]}]}<\/script>\n<!-- \/ Yoast SEO plugin. -->","yoast_head_json":{"title":"D\u00e9claration de Confidentialit\u00e9 - Cesson-S\u00e9vign\u00e9, une ville pour tous","robots":{"index":"index","follow":"follow","max-snippet":"max-snippet:-1","max-image-preview":"max-image-preview:large","max-video-preview":"max-video-preview:-1"},"canonical":"https:\/\/cesson-sevigne-une-ville-pour-tous.fr\/index.php\/declaration-de-confidentialite\/","og_locale":"fr_FR","og_type":"article","og_title":"D\u00e9claration de Confidentialit\u00e9 - Cesson-S\u00e9vign\u00e9, une ville pour tous","og_description":"D\u00e9claration de Confidentialit\u00e9 Politique de confidentialit\u00e9 La pr\u00e9sente Politique de confidentialit\u00e9 d\u00e9crit la fa\u00e7on dont vos informations personnelles sont recueillies, utilis\u00e9es et partag\u00e9es lorsque vous vous rendez sur\u00a0 \u00a0 \u00a0 [&hellip;]","og_url":"https:\/\/cesson-sevigne-une-ville-pour-tous.fr\/index.php\/declaration-de-confidentialite\/","og_site_name":"Cesson-S\u00e9vign\u00e9, une ville pour tous","article_modified_time":"2025-09-16T21:58:19+00:00","og_image":[{"width":256,"height":256,"url":"https:\/\/cesson-sevigne-une-ville-pour-tous.fr\/wp-content\/uploads\/2025\/09\/Logo-B-fondBlanc.png","type":"image\/png"}],"twitter_card":"summary_large_image","twitter_misc":{"Dur\u00e9e de lecture estim\u00e9e":"3 minutes"},"schema":{"@context":"https:\/\/schema.org","@graph":[{"@type":"WebPage","@id":"https:\/\/cesson-sevigne-une-ville-pour-tous.fr\/index.php\/declaration-de-confidentialite\/","url":"https:\/\/cesson-sevigne-une-ville-pour-tous.fr\/index.php\/declaration-de-confidentialite\/","name":"D\u00e9claration de Confidentialit\u00e9 - Cesson-S\u00e9vign\u00e9, une ville pour tous","isPartOf":{"@id":"https:\/\/cesson-sevigne-une-ville-pour-tous.fr\/#website"},"primaryImageOfPage":{"@id":"https:\/\/cesson-sevigne-une-ville-pour-tous.fr\/index.php\/declaration-de-confidentialite\/#primaryimage"},"image":{"@id":"https:\/\/cesson-sevigne-une-ville-pour-tous.fr\/index.php\/declaration-de-confidentialite\/#primaryimage"},"thumbnailUrl":"https:\/\/cesson-sevigne-une-ville-pour-tous.fr\/wp-content\/uploads\/2025\/09\/Logo-B-fondBlanc.png","datePublished":"2025-09-16T21:55:18+00:00","dateModified":"2025-09-16T21:58:19+00:00","breadcrumb":{"@id":"https:\/\/cesson-sevigne-une-ville-pour-tous.fr\/index.php\/declaration-de-confidentialite\/#breadcrumb"},"inLanguage":"fr-FR","potentialAction":[{"@type":"ReadAction","target":["https:\/\/cesson-sevigne-une-ville-pour-tous.fr\/index.php\/declaration-de-confidentialite\/"]}]},{"@type":"ImageObject","inLanguage":"fr-FR","@id":"https:\/\/cesson-sevigne-une-ville-pour-tous.fr\/index.php\/declaration-de-confidentialite\/#primaryimage","url":"https:\/\/cesson-sevigne-une-ville-pour-tous.fr\/wp-content\/uploads\/2025\/09\/Logo-B-fondBlanc.png","contentUrl":"https:\/\/cesson-sevigne-une-ville-pour-tous.fr\/wp-content\/uploads\/2025\/09\/Logo-B-fondBlanc.png","width":256,"height":256},{"@type":"BreadcrumbList","@id":"https:\/\/cesson-sevigne-une-ville-pour-tous.fr\/index.php\/declaration-de-confidentialite\/#breadcrumb","itemListElement":[{"@type":"ListItem","position":1,"name":"Accueil","item":"https:\/\/cesson-sevigne-une-ville-pour-tous.fr\/"},{"@type":"ListItem","position":2,"name":"D\u00e9claration de Confidentialit\u00e9"}]},{"@type":"WebSite","@id":"https:\/\/cesson-sevigne-une-ville-pour-tous.fr\/#website","url":"https:\/\/cesson-sevigne-une-ville-pour-tous.fr\/","name":"Cesson-S\u00e9vign\u00e9, une ville pour tous","description":"Cesson-S\u00e9vign\u00e9, une ville pour tous","publisher":{"@id":"https:\/\/cesson-sevigne-une-ville-pour-tous.fr\/#organization"},"potentialAction":[{"@type":"SearchAction","target":{"@type":"EntryPoint","urlTemplate":"https:\/\/cesson-sevigne-une-ville-pour-tous.fr\/?s={search_term_string}"},"query-input":{"@type":"PropertyValueSpecification","valueRequired":true,"valueName":"search_term_string"}}],"inLanguage":"fr-FR"},{"@type":"Organization","@id":"https:\/\/cesson-sevigne-une-ville-pour-tous.fr\/#organization","name":"Cesson-S\u00e9vign\u00e9, une ville pour tous","url":"https:\/\/cesson-sevigne-une-ville-pour-tous.fr\/","logo":{"@type":"ImageObject","inLanguage":"fr-FR","@id":"https:\/\/cesson-sevigne-une-ville-pour-tous.fr\/#\/schema\/logo\/image\/","url":"https:\/\/cesson-sevigne-une-ville-pour-tous.fr\/wp-content\/uploads\/2025\/09\/cropped-Logo-B-fondBlanc-1.png","contentUrl":"https:\/\/cesson-sevigne-une-ville-pour-tous.fr\/wp-content\/uploads\/2025\/09\/cropped-Logo-B-fondBlanc-1.png","width":256,"height":256,"caption":"Cesson-S\u00e9vign\u00e9, une ville pour tous"},"image":{"@id":"https:\/\/cesson-sevigne-une-ville-pour-tous.fr\/#\/schema\/logo\/image\/"},"sameAs":["https:\/\/www.instagram.com\/cessonunevillepourtous"]}]}},"_links":{"self":[{"href":"https:\/\/cesson-sevigne-une-ville-pour-tous.fr\/index.php\/wp-json\/wp\/v2\/pages\/73","targetHints":{"allow":["GET"]}}],"collection":[{"href":"https:\/\/cesson-sevigne-une-ville-pour-tous.fr\/index.php\/wp-json\/wp\/v2\/pages"}],"about":[{"href":"https:\/\/cesson-sevigne-une-ville-pour-tous.fr\/index.php\/wp-json\/wp\/v2\/types\/page"}],"author":[{"embeddable":true,"href":"https:\/\/cesson-sevigne-une-ville-pour-tous.fr\/index.php\/wp-json\/wp\/v2\/users\/1"}],"replies":[{"embeddable":true,"href":"https:\/\/cesson-sevigne-une-ville-pour-tous.fr\/index.php\/wp-json\/wp\/v2\/comments?post=73"}],"version-history":[{"count":3,"href":"https:\/\/cesson-sevigne-une-ville-pour-tous.fr\/index.php\/wp-json\/wp\/v2\/pages\/73\/revisions"}],"predecessor-version":[{"id":76,"href":"https:\/\/cesson-sevigne-une-ville-pour-tous.fr\/index.php\/wp-json\/wp\/v2\/pages\/73\/revisions\/76"}],"wp:attachment":[{"href":"https:\/\/cesson-sevigne-une-ville-pour-tous.fr\/index.php\/wp-json\/wp\/v2\/media?parent=73"}],"curies":[{"name":"wp","href":"https:\/\/api.w.org\/{rel}","templated":true}]}}