{"id":66,"date":"2025-09-16T23:45:46","date_gmt":"2025-09-16T21:45:46","guid":{"rendered":"https:\/\/cesson-sevigne-une-ville-pour-tous.fr\/?page_id=66"},"modified":"2025-09-16T23:54:45","modified_gmt":"2025-09-16T21:54:45","slug":"mentions-legales","status":"publish","type":"page","link":"https:\/\/cesson-sevigne-une-ville-pour-tous.fr\/index.php\/mentions-legales\/","title":{"rendered":"Mentions L\u00e9gales"},"content":{"rendered":"\t\t<div data-elementor-type=\"wp-page\" data-elementor-id=\"66\" class=\"elementor elementor-66\">\n\t\t\t\t<div class=\"elementor-element elementor-element-8ed3556 e-flex e-con-boxed e-con e-parent\" data-id=\"8ed3556\" data-element_type=\"container\">\n\t\t\t\t\t<div class=\"e-con-inner\">\n\t\t<div class=\"elementor-element elementor-element-f55c951 e-con-full e-flex e-con e-child\" data-id=\"f55c951\" data-element_type=\"container\">\n\t\t\t\t<div class=\"elementor-element elementor-element-89920a8 elementor-widget__width-initial elementor-widget elementor-widget-image\" data-id=\"89920a8\" data-element_type=\"widget\" data-widget_type=\"image.default\">\n\t\t\t\t\t\t\t\t\t\t\t\t\t\t\t<img fetchpriority=\"high\" decoding=\"async\" width=\"256\" height=\"256\" src=\"https:\/\/cesson-sevigne-une-ville-pour-tous.fr\/wp-content\/uploads\/2025\/09\/Logo-B-fondBlanc.png\" class=\"attachment-large size-large wp-image-7\" alt=\"\" srcset=\"https:\/\/cesson-sevigne-une-ville-pour-tous.fr\/wp-content\/uploads\/2025\/09\/Logo-B-fondBlanc.png 256w, https:\/\/cesson-sevigne-une-ville-pour-tous.fr\/wp-content\/uploads\/2025\/09\/Logo-B-fondBlanc-150x150.png 150w\" sizes=\"(max-width: 256px) 100vw, 256px\" \/>\t\t\t\t\t\t\t\t\t\t\t\t\t\t\t<\/div>\n\t\t\t\t<\/div>\n\t\t<div class=\"elementor-element elementor-element-89ffb91 e-con-full e-flex e-con e-child\" data-id=\"89ffb91\" data-element_type=\"container\">\n\t\t\t\t<div class=\"elementor-element elementor-element-167bca9 elementor-widget elementor-widget-heading\" data-id=\"167bca9\" data-element_type=\"widget\" data-widget_type=\"heading.default\">\n\t\t\t\t\t<h2 class=\"elementor-heading-title elementor-size-default\">Mentions l\u00e9gales<\/h2>\t\t\t\t<\/div>\n\t\t\t\t<\/div>\n\t\t\t\t\t<\/div>\n\t\t\t\t<\/div>\n\t\t<div class=\"elementor-element elementor-element-8bd0c2e e-flex e-con-boxed e-con e-parent\" data-id=\"8bd0c2e\" data-element_type=\"container\">\n\t\t\t\t\t<div class=\"e-con-inner\">\n\t\t<div class=\"elementor-element elementor-element-2d8ff7d e-con-full e-flex e-con e-child\" data-id=\"2d8ff7d\" data-element_type=\"container\">\n\t\t\t\t<\/div>\n\t\t<div class=\"elementor-element elementor-element-0f5f76c e-con-full e-flex e-con e-child\" data-id=\"0f5f76c\" data-element_type=\"container\">\n\t\t\t\t<div class=\"elementor-element elementor-element-e2e9517 elementor-widget elementor-widget-text-editor\" data-id=\"e2e9517\" data-element_type=\"widget\" data-widget_type=\"text-editor.default\">\n\t\t\t\t\t\t\t\t\t<div class=\"et_pb_row et_pb_row_1\"><div class=\"et_pb_column et_pb_column_4_4 et_pb_column_1 et_pb_css_mix_blend_mode_passthrough et-last-child et_pb_column_single\"><div class=\"et_pb_module et_pb_text et_pb_text_1 et_pb_text_align_left et_pb_bg_layout_light\"><div class=\"et_pb_text_inner\"><p>Ce site est \u00e9dit\u00e9 par l&rsquo;association:<\/p><p><strong>Cesson-S\u00e9vign\u00e9, une pour tous<\/strong><\/p><p><a href=\"mailto:asso@cesson-sevigne-une-ville-pour-tous.fr\">asso@cesson-sevigne-une-ville-pour-tous.fr<\/a><\/p><p>Directeur de la publication : Jean-Claude RIBIERE<\/p><p>Nom de domaine : <a href=\"https:\/\/cesson-sevigne-une-ville-pour-tous.fr\">cesson-sevigne-une-ville-pour-tous.fr<\/a><\/p><p><strong>Propri\u00e9t\u00e9 intellectuelle<\/strong><br \/>Tous les contenus de ce site sont couverts par le droit d\u2019auteur, en vertu de l\u2019article L.122-4 du Code de la propri\u00e9t\u00e9 intellectuelle.<br \/>La reproduction de contenu est soumise \u00e0 la mention de la source : copyright <strong>Cesson-S\u00e9vign\u00e9, une ville pour tous<\/strong> tous droits r\u00e9serv\u00e9s. Les reproductions ne peuvent pas \u00eatre utilis\u00e9es \u00e0 des fins commerciales ou publicitaires.<br \/>L&rsquo;association <strong>Cesson-S\u00e9vign\u00e9, une ville pour tous<\/strong> se r\u00e9serve la possibilit\u00e9, \u00e0 tout moment, d\u2019interdire \u00e0 des tiers l\u2019utilisation des informations du site. Dans ce cas, elle informera la personne concern\u00e9e qui disposera de 8 jours ouvr\u00e9s pour mettre fin \u00e0 ses pratiques.<\/p><p><strong>Cr\u00e9dits photographiques<\/strong><br \/>Toute reproduction est soumise \u00e0 autorisation de son auteur<\/p><p><strong>Liens hypertextes<\/strong><br \/>La cr\u00e9ation de liens avec ce site est libre, sous r\u00e9serve de nous en informer. L&rsquo;association <strong>Cesson-S\u00e9vign\u00e9, une ville pour tous<\/strong> peut \u00e0 tout moment refuser un lien. La personne concern\u00e9e disposera de deux jours pour le supprimer.<\/p><p><strong>H\u00e9bergement : contacter l&rsquo;association.<\/strong><\/p><\/div><\/div><\/div><\/div>\t\t\t\t\t\t\t\t<\/div>\n\t\t\t\t<\/div>\n\t\t\t\t\t<\/div>\n\t\t\t\t<\/div>\n\t\t\t\t<\/div>\n\t\t","protected":false},"excerpt":{"rendered":"<p>Mentions l\u00e9gales Ce site est \u00e9dit\u00e9 par l&rsquo;association: Cesson-S\u00e9vign\u00e9, une pour tous asso@cesson-sevigne-une-ville-pour-tous.fr Directeur de la publication : Jean-Claude RIBIERE Nom de domaine : cesson-sevigne-une-ville-pour-tous.fr Propri\u00e9t\u00e9 intellectuelleTous les contenus de [&hellip;]<\/p>\n","protected":false},"author":1,"featured_media":0,"parent":0,"menu_order":0,"comment_status":"closed","ping_status":"open","template":"elementor_canvas","meta":{"footnotes":""},"class_list":["post-66","page","type-page","status-publish","hentry"],"yoast_head":"<!-- This site is optimized with the Yoast SEO plugin v26.4 - https:\/\/yoast.com\/wordpress\/plugins\/seo\/ -->\n<title>Mentions L\u00e9gales - Cesson-S\u00e9vign\u00e9, une ville pour tous<\/title>\n<meta name=\"robots\" content=\"index, follow, max-snippet:-1, max-image-preview:large, max-video-preview:-1\" \/>\n<link rel=\"canonical\" href=\"https:\/\/cesson-sevigne-une-ville-pour-tous.fr\/index.php\/mentions-legales\/\" \/>\n<meta property=\"og:locale\" content=\"fr_FR\" \/>\n<meta property=\"og:type\" content=\"article\" \/>\n<meta property=\"og:title\" content=\"Mentions L\u00e9gales - Cesson-S\u00e9vign\u00e9, une ville pour tous\" \/>\n<meta property=\"og:description\" content=\"Mentions l\u00e9gales Ce site est \u00e9dit\u00e9 par l&rsquo;association: Cesson-S\u00e9vign\u00e9, une pour tous asso@cesson-sevigne-une-ville-pour-tous.fr Directeur de la publication : Jean-Claude RIBIERE Nom de domaine : cesson-sevigne-une-ville-pour-tous.fr Propri\u00e9t\u00e9 intellectuelleTous les contenus de [&hellip;]\" \/>\n<meta property=\"og:url\" content=\"https:\/\/cesson-sevigne-une-ville-pour-tous.fr\/index.php\/mentions-legales\/\" \/>\n<meta property=\"og:site_name\" content=\"Cesson-S\u00e9vign\u00e9, une ville pour tous\" \/>\n<meta property=\"article:modified_time\" content=\"2025-09-16T21:54:45+00:00\" \/>\n<meta property=\"og:image\" content=\"https:\/\/cesson-sevigne-une-ville-pour-tous.fr\/wp-content\/uploads\/2025\/09\/Logo-B-fondBlanc.png\" \/>\n\t<meta property=\"og:image:width\" content=\"256\" \/>\n\t<meta property=\"og:image:height\" content=\"256\" \/>\n\t<meta property=\"og:image:type\" content=\"image\/png\" \/>\n<meta name=\"twitter:card\" content=\"summary_large_image\" \/>\n<meta name=\"twitter:label1\" content=\"Dur\u00e9e de lecture estim\u00e9e\" \/>\n\t<meta name=\"twitter:data1\" content=\"1 minute\" \/>\n<script type=\"application\/ld+json\" class=\"yoast-schema-graph\">{\"@context\":\"https:\/\/schema.org\",\"@graph\":[{\"@type\":\"WebPage\",\"@id\":\"https:\/\/cesson-sevigne-une-ville-pour-tous.fr\/index.php\/mentions-legales\/\",\"url\":\"https:\/\/cesson-sevigne-une-ville-pour-tous.fr\/index.php\/mentions-legales\/\",\"name\":\"Mentions L\u00e9gales - Cesson-S\u00e9vign\u00e9, une ville pour tous\",\"isPartOf\":{\"@id\":\"https:\/\/cesson-sevigne-une-ville-pour-tous.fr\/#website\"},\"primaryImageOfPage\":{\"@id\":\"https:\/\/cesson-sevigne-une-ville-pour-tous.fr\/index.php\/mentions-legales\/#primaryimage\"},\"image\":{\"@id\":\"https:\/\/cesson-sevigne-une-ville-pour-tous.fr\/index.php\/mentions-legales\/#primaryimage\"},\"thumbnailUrl\":\"https:\/\/cesson-sevigne-une-ville-pour-tous.fr\/wp-content\/uploads\/2025\/09\/Logo-B-fondBlanc.png\",\"datePublished\":\"2025-09-16T21:45:46+00:00\",\"dateModified\":\"2025-09-16T21:54:45+00:00\",\"breadcrumb\":{\"@id\":\"https:\/\/cesson-sevigne-une-ville-pour-tous.fr\/index.php\/mentions-legales\/#breadcrumb\"},\"inLanguage\":\"fr-FR\",\"potentialAction\":[{\"@type\":\"ReadAction\",\"target\":[\"https:\/\/cesson-sevigne-une-ville-pour-tous.fr\/index.php\/mentions-legales\/\"]}]},{\"@type\":\"ImageObject\",\"inLanguage\":\"fr-FR\",\"@id\":\"https:\/\/cesson-sevigne-une-ville-pour-tous.fr\/index.php\/mentions-legales\/#primaryimage\",\"url\":\"https:\/\/cesson-sevigne-une-ville-pour-tous.fr\/wp-content\/uploads\/2025\/09\/Logo-B-fondBlanc.png\",\"contentUrl\":\"https:\/\/cesson-sevigne-une-ville-pour-tous.fr\/wp-content\/uploads\/2025\/09\/Logo-B-fondBlanc.png\",\"width\":256,\"height\":256},{\"@type\":\"BreadcrumbList\",\"@id\":\"https:\/\/cesson-sevigne-une-ville-pour-tous.fr\/index.php\/mentions-legales\/#breadcrumb\",\"itemListElement\":[{\"@type\":\"ListItem\",\"position\":1,\"name\":\"Accueil\",\"item\":\"https:\/\/cesson-sevigne-une-ville-pour-tous.fr\/\"},{\"@type\":\"ListItem\",\"position\":2,\"name\":\"Mentions L\u00e9gales\"}]},{\"@type\":\"WebSite\",\"@id\":\"https:\/\/cesson-sevigne-une-ville-pour-tous.fr\/#website\",\"url\":\"https:\/\/cesson-sevigne-une-ville-pour-tous.fr\/\",\"name\":\"Cesson-S\u00e9vign\u00e9, une ville pour tous\",\"description\":\"Cesson-S\u00e9vign\u00e9, une ville pour tous\",\"publisher\":{\"@id\":\"https:\/\/cesson-sevigne-une-ville-pour-tous.fr\/#organization\"},\"potentialAction\":[{\"@type\":\"SearchAction\",\"target\":{\"@type\":\"EntryPoint\",\"urlTemplate\":\"https:\/\/cesson-sevigne-une-ville-pour-tous.fr\/?s={search_term_string}\"},\"query-input\":{\"@type\":\"PropertyValueSpecification\",\"valueRequired\":true,\"valueName\":\"search_term_string\"}}],\"inLanguage\":\"fr-FR\"},{\"@type\":\"Organization\",\"@id\":\"https:\/\/cesson-sevigne-une-ville-pour-tous.fr\/#organization\",\"name\":\"Cesson-S\u00e9vign\u00e9, une ville pour tous\",\"url\":\"https:\/\/cesson-sevigne-une-ville-pour-tous.fr\/\",\"logo\":{\"@type\":\"ImageObject\",\"inLanguage\":\"fr-FR\",\"@id\":\"https:\/\/cesson-sevigne-une-ville-pour-tous.fr\/#\/schema\/logo\/image\/\",\"url\":\"https:\/\/cesson-sevigne-une-ville-pour-tous.fr\/wp-content\/uploads\/2025\/09\/cropped-Logo-B-fondBlanc-1.png\",\"contentUrl\":\"https:\/\/cesson-sevigne-une-ville-pour-tous.fr\/wp-content\/uploads\/2025\/09\/cropped-Logo-B-fondBlanc-1.png\",\"width\":256,\"height\":256,\"caption\":\"Cesson-S\u00e9vign\u00e9, une ville pour tous\"},\"image\":{\"@id\":\"https:\/\/cesson-sevigne-une-ville-pour-tous.fr\/#\/schema\/logo\/image\/\"},\"sameAs\":[\"https:\/\/www.instagram.com\/cessonunevillepourtous\"]}]}<\/script>\n<!-- \/ Yoast SEO plugin. -->","yoast_head_json":{"title":"Mentions L\u00e9gales - Cesson-S\u00e9vign\u00e9, une ville pour tous","robots":{"index":"index","follow":"follow","max-snippet":"max-snippet:-1","max-image-preview":"max-image-preview:large","max-video-preview":"max-video-preview:-1"},"canonical":"https:\/\/cesson-sevigne-une-ville-pour-tous.fr\/index.php\/mentions-legales\/","og_locale":"fr_FR","og_type":"article","og_title":"Mentions L\u00e9gales - Cesson-S\u00e9vign\u00e9, une ville pour tous","og_description":"Mentions l\u00e9gales Ce site est \u00e9dit\u00e9 par l&rsquo;association: Cesson-S\u00e9vign\u00e9, une pour tous asso@cesson-sevigne-une-ville-pour-tous.fr Directeur de la publication : Jean-Claude RIBIERE Nom de domaine : cesson-sevigne-une-ville-pour-tous.fr Propri\u00e9t\u00e9 intellectuelleTous les contenus de [&hellip;]","og_url":"https:\/\/cesson-sevigne-une-ville-pour-tous.fr\/index.php\/mentions-legales\/","og_site_name":"Cesson-S\u00e9vign\u00e9, une ville pour tous","article_modified_time":"2025-09-16T21:54:45+00:00","og_image":[{"width":256,"height":256,"url":"https:\/\/cesson-sevigne-une-ville-pour-tous.fr\/wp-content\/uploads\/2025\/09\/Logo-B-fondBlanc.png","type":"image\/png"}],"twitter_card":"summary_large_image","twitter_misc":{"Dur\u00e9e de lecture estim\u00e9e":"1 minute"},"schema":{"@context":"https:\/\/schema.org","@graph":[{"@type":"WebPage","@id":"https:\/\/cesson-sevigne-une-ville-pour-tous.fr\/index.php\/mentions-legales\/","url":"https:\/\/cesson-sevigne-une-ville-pour-tous.fr\/index.php\/mentions-legales\/","name":"Mentions L\u00e9gales - Cesson-S\u00e9vign\u00e9, une ville pour tous","isPartOf":{"@id":"https:\/\/cesson-sevigne-une-ville-pour-tous.fr\/#website"},"primaryImageOfPage":{"@id":"https:\/\/cesson-sevigne-une-ville-pour-tous.fr\/index.php\/mentions-legales\/#primaryimage"},"image":{"@id":"https:\/\/cesson-sevigne-une-ville-pour-tous.fr\/index.php\/mentions-legales\/#primaryimage"},"thumbnailUrl":"https:\/\/cesson-sevigne-une-ville-pour-tous.fr\/wp-content\/uploads\/2025\/09\/Logo-B-fondBlanc.png","datePublished":"2025-09-16T21:45:46+00:00","dateModified":"2025-09-16T21:54:45+00:00","breadcrumb":{"@id":"https:\/\/cesson-sevigne-une-ville-pour-tous.fr\/index.php\/mentions-legales\/#breadcrumb"},"inLanguage":"fr-FR","potentialAction":[{"@type":"ReadAction","target":["https:\/\/cesson-sevigne-une-ville-pour-tous.fr\/index.php\/mentions-legales\/"]}]},{"@type":"ImageObject","inLanguage":"fr-FR","@id":"https:\/\/cesson-sevigne-une-ville-pour-tous.fr\/index.php\/mentions-legales\/#primaryimage","url":"https:\/\/cesson-sevigne-une-ville-pour-tous.fr\/wp-content\/uploads\/2025\/09\/Logo-B-fondBlanc.png","contentUrl":"https:\/\/cesson-sevigne-une-ville-pour-tous.fr\/wp-content\/uploads\/2025\/09\/Logo-B-fondBlanc.png","width":256,"height":256},{"@type":"BreadcrumbList","@id":"https:\/\/cesson-sevigne-une-ville-pour-tous.fr\/index.php\/mentions-legales\/#breadcrumb","itemListElement":[{"@type":"ListItem","position":1,"name":"Accueil","item":"https:\/\/cesson-sevigne-une-ville-pour-tous.fr\/"},{"@type":"ListItem","position":2,"name":"Mentions L\u00e9gales"}]},{"@type":"WebSite","@id":"https:\/\/cesson-sevigne-une-ville-pour-tous.fr\/#website","url":"https:\/\/cesson-sevigne-une-ville-pour-tous.fr\/","name":"Cesson-S\u00e9vign\u00e9, une ville pour tous","description":"Cesson-S\u00e9vign\u00e9, une ville pour tous","publisher":{"@id":"https:\/\/cesson-sevigne-une-ville-pour-tous.fr\/#organization"},"potentialAction":[{"@type":"SearchAction","target":{"@type":"EntryPoint","urlTemplate":"https:\/\/cesson-sevigne-une-ville-pour-tous.fr\/?s={search_term_string}"},"query-input":{"@type":"PropertyValueSpecification","valueRequired":true,"valueName":"search_term_string"}}],"inLanguage":"fr-FR"},{"@type":"Organization","@id":"https:\/\/cesson-sevigne-une-ville-pour-tous.fr\/#organization","name":"Cesson-S\u00e9vign\u00e9, une ville pour tous","url":"https:\/\/cesson-sevigne-une-ville-pour-tous.fr\/","logo":{"@type":"ImageObject","inLanguage":"fr-FR","@id":"https:\/\/cesson-sevigne-une-ville-pour-tous.fr\/#\/schema\/logo\/image\/","url":"https:\/\/cesson-sevigne-une-ville-pour-tous.fr\/wp-content\/uploads\/2025\/09\/cropped-Logo-B-fondBlanc-1.png","contentUrl":"https:\/\/cesson-sevigne-une-ville-pour-tous.fr\/wp-content\/uploads\/2025\/09\/cropped-Logo-B-fondBlanc-1.png","width":256,"height":256,"caption":"Cesson-S\u00e9vign\u00e9, une ville pour tous"},"image":{"@id":"https:\/\/cesson-sevigne-une-ville-pour-tous.fr\/#\/schema\/logo\/image\/"},"sameAs":["https:\/\/www.instagram.com\/cessonunevillepourtous"]}]}},"_links":{"self":[{"href":"https:\/\/cesson-sevigne-une-ville-pour-tous.fr\/index.php\/wp-json\/wp\/v2\/pages\/66","targetHints":{"allow":["GET"]}}],"collection":[{"href":"https:\/\/cesson-sevigne-une-ville-pour-tous.fr\/index.php\/wp-json\/wp\/v2\/pages"}],"about":[{"href":"https:\/\/cesson-sevigne-une-ville-pour-tous.fr\/index.php\/wp-json\/wp\/v2\/types\/page"}],"author":[{"embeddable":true,"href":"https:\/\/cesson-sevigne-une-ville-pour-tous.fr\/index.php\/wp-json\/wp\/v2\/users\/1"}],"replies":[{"embeddable":true,"href":"https:\/\/cesson-sevigne-une-ville-pour-tous.fr\/index.php\/wp-json\/wp\/v2\/comments?post=66"}],"version-history":[{"count":6,"href":"https:\/\/cesson-sevigne-une-ville-pour-tous.fr\/index.php\/wp-json\/wp\/v2\/pages\/66\/revisions"}],"predecessor-version":[{"id":72,"href":"https:\/\/cesson-sevigne-une-ville-pour-tous.fr\/index.php\/wp-json\/wp\/v2\/pages\/66\/revisions\/72"}],"wp:attachment":[{"href":"https:\/\/cesson-sevigne-une-ville-pour-tous.fr\/index.php\/wp-json\/wp\/v2\/media?parent=66"}],"curies":[{"name":"wp","href":"https:\/\/api.w.org\/{rel}","templated":true}]}}