{"id":594,"date":"2025-10-07T11:58:32","date_gmt":"2025-10-07T09:58:32","guid":{"rendered":"https:\/\/cesson-sevigne-une-ville-pour-tous.fr\/index.php\/reinitialisation-du-mot-de-passe\/"},"modified":"2025-10-07T11:58:32","modified_gmt":"2025-10-07T09:58:32","slug":"reinitialisation-du-mot-de-passe","status":"publish","type":"page","link":"https:\/\/cesson-sevigne-une-ville-pour-tous.fr\/index.php\/reinitialisation-du-mot-de-passe\/","title":{"rendered":"R\u00e9initialisation du mot de passe"},"content":{"rendered":"\n<div class=\"wpum-template wpum-form wpum-password-recovery-form\">\n\n\t\n\t<p>\n\t\tMot de passe perdu\u00a0? Veuillez saisir votre identifiant ou votre adresse e-mail. Vous recevrez un lien pour cr\u00e9er un nouveau mot de passe par e-mail.\t<\/p>\n\n\t<form action=\"\/index.php\/wp-json\/wp\/v2\/pages\/594\" method=\"post\" id=\"wpum-submit-password-recovery-form\" enctype=\"multipart\/form-data\">\n\n\t\t\t\t\t<fieldset class=\"fieldset-username_email\">\n\n\t\t\t\t\n\t\t\t\t\t<label for=\"username_email\">\n\t\t\t\t\t\tIdentifiant ou adresse e-mail\t\t\t\t\t\t\t\t\t\t\t\t\t<span class=\"wpum-required\">*<\/span>\n\t\t\t\t\t\t\t\t\t\t\t<\/label>\n\t\t\t\t\t<div class=\"field required-field\">\n\t\t\t\t\t\t\n<input\n\ttype=\"text\"\n\tclass=\"input-text\"\n\tname=\"username_email\"\n\t\tid=\"username_email\"\n\tplaceholder=\"\"\n\tvalue=\"\"\n\tmaxlength=\"\"\n\trequired\t\t\/>\n\t\t\t\t\t<\/div>\n\n\t\t\t\t\n\t\t\t<\/fieldset>\n\t\t\n\t\t<input type=\"hidden\" name=\"wpum_form\" value=\"password-recovery\" \/>\n\t\t<input type=\"hidden\" name=\"step\" value=\"0\" \/>\n\t\t<input type=\"hidden\" id=\"password_recovery_nonce\" name=\"password_recovery_nonce\" value=\"68fb0bc3ee\" \/><input type=\"hidden\" name=\"_wp_http_referer\" value=\"\/index.php\/wp-json\/wp\/v2\/pages\/594\" \/>\n\t\t\n\t\t<input type=\"submit\" name=\"submit_password_recovery\" class=\"button\" value=\"R\u00e9initialiser le mot de passe\" \/>\n\n\t<\/form>\n\n<\/div>\n\n<ul class=\"wpum-action-links\">\n\t\t<li>\n\t\tVous avez d\u00e9j\u00e0 un compte\u00a0? <a href=\"https:\/\/cesson-sevigne-une-ville-pour-tous.fr\/index.php\/se-connecter-base\/\">Connectez-vous &raquo;<\/a>\t<\/li>\n\t\t\t<li>\n\t\tVous n\u2019avez pas de compte\u00a0? <a href=\"https:\/\/cesson-sevigne-une-ville-pour-tous.fr\/index.php\/sinscrire\/\">Inscrivez-vous maintenant &raquo;<\/a>\t<\/li>\n\t\t<\/ul>\n","protected":false},"excerpt":{"rendered":"","protected":false},"author":1,"featured_media":0,"parent":0,"menu_order":0,"comment_status":"closed","ping_status":"closed","template":"","meta":{"footnotes":""},"class_list":["post-594","page","type-page","status-publish","hentry"],"yoast_head":"<!-- This site is optimized with the Yoast SEO plugin v26.4 - https:\/\/yoast.com\/wordpress\/plugins\/seo\/ -->\n<title>R\u00e9initialisation du mot de passe - Cesson-S\u00e9vign\u00e9, une ville pour tous<\/title>\n<meta name=\"robots\" content=\"index, follow, max-snippet:-1, max-image-preview:large, max-video-preview:-1\" \/>\n<link rel=\"canonical\" href=\"https:\/\/cesson-sevigne-une-ville-pour-tous.fr\/index.php\/reinitialisation-du-mot-de-passe\/\" \/>\n<meta property=\"og:locale\" content=\"fr_FR\" \/>\n<meta property=\"og:type\" content=\"article\" \/>\n<meta property=\"og:title\" content=\"R\u00e9initialisation du mot de passe - Cesson-S\u00e9vign\u00e9, une ville pour tous\" \/>\n<meta property=\"og:url\" content=\"https:\/\/cesson-sevigne-une-ville-pour-tous.fr\/index.php\/reinitialisation-du-mot-de-passe\/\" \/>\n<meta property=\"og:site_name\" content=\"Cesson-S\u00e9vign\u00e9, une ville pour tous\" \/>\n<meta name=\"twitter:card\" content=\"summary_large_image\" \/>\n<script type=\"application\/ld+json\" class=\"yoast-schema-graph\">{\"@context\":\"https:\/\/schema.org\",\"@graph\":[{\"@type\":\"WebPage\",\"@id\":\"https:\/\/cesson-sevigne-une-ville-pour-tous.fr\/index.php\/reinitialisation-du-mot-de-passe\/\",\"url\":\"https:\/\/cesson-sevigne-une-ville-pour-tous.fr\/index.php\/reinitialisation-du-mot-de-passe\/\",\"name\":\"R\u00e9initialisation du mot de passe - Cesson-S\u00e9vign\u00e9, une ville pour tous\",\"isPartOf\":{\"@id\":\"https:\/\/cesson-sevigne-une-ville-pour-tous.fr\/#website\"},\"datePublished\":\"2025-10-07T09:58:32+00:00\",\"breadcrumb\":{\"@id\":\"https:\/\/cesson-sevigne-une-ville-pour-tous.fr\/index.php\/reinitialisation-du-mot-de-passe\/#breadcrumb\"},\"inLanguage\":\"fr-FR\",\"potentialAction\":[{\"@type\":\"ReadAction\",\"target\":[\"https:\/\/cesson-sevigne-une-ville-pour-tous.fr\/index.php\/reinitialisation-du-mot-de-passe\/\"]}]},{\"@type\":\"BreadcrumbList\",\"@id\":\"https:\/\/cesson-sevigne-une-ville-pour-tous.fr\/index.php\/reinitialisation-du-mot-de-passe\/#breadcrumb\",\"itemListElement\":[{\"@type\":\"ListItem\",\"position\":1,\"name\":\"Accueil\",\"item\":\"https:\/\/cesson-sevigne-une-ville-pour-tous.fr\/\"},{\"@type\":\"ListItem\",\"position\":2,\"name\":\"R\u00e9initialisation du mot de passe\"}]},{\"@type\":\"WebSite\",\"@id\":\"https:\/\/cesson-sevigne-une-ville-pour-tous.fr\/#website\",\"url\":\"https:\/\/cesson-sevigne-une-ville-pour-tous.fr\/\",\"name\":\"Cesson-S\u00e9vign\u00e9, une ville pour tous\",\"description\":\"Cesson-S\u00e9vign\u00e9, une ville pour tous\",\"publisher\":{\"@id\":\"https:\/\/cesson-sevigne-une-ville-pour-tous.fr\/#organization\"},\"potentialAction\":[{\"@type\":\"SearchAction\",\"target\":{\"@type\":\"EntryPoint\",\"urlTemplate\":\"https:\/\/cesson-sevigne-une-ville-pour-tous.fr\/?s={search_term_string}\"},\"query-input\":{\"@type\":\"PropertyValueSpecification\",\"valueRequired\":true,\"valueName\":\"search_term_string\"}}],\"inLanguage\":\"fr-FR\"},{\"@type\":\"Organization\",\"@id\":\"https:\/\/cesson-sevigne-une-ville-pour-tous.fr\/#organization\",\"name\":\"Cesson-S\u00e9vign\u00e9, une ville pour tous\",\"url\":\"https:\/\/cesson-sevigne-une-ville-pour-tous.fr\/\",\"logo\":{\"@type\":\"ImageObject\",\"inLanguage\":\"fr-FR\",\"@id\":\"https:\/\/cesson-sevigne-une-ville-pour-tous.fr\/#\/schema\/logo\/image\/\",\"url\":\"https:\/\/cesson-sevigne-une-ville-pour-tous.fr\/wp-content\/uploads\/2025\/09\/cropped-Logo-B-fondBlanc-1.png\",\"contentUrl\":\"https:\/\/cesson-sevigne-une-ville-pour-tous.fr\/wp-content\/uploads\/2025\/09\/cropped-Logo-B-fondBlanc-1.png\",\"width\":256,\"height\":256,\"caption\":\"Cesson-S\u00e9vign\u00e9, une ville pour tous\"},\"image\":{\"@id\":\"https:\/\/cesson-sevigne-une-ville-pour-tous.fr\/#\/schema\/logo\/image\/\"},\"sameAs\":[\"https:\/\/www.instagram.com\/cessonunevillepourtous\"]}]}<\/script>\n<!-- \/ Yoast SEO plugin. -->","yoast_head_json":{"title":"R\u00e9initialisation du mot de passe - Cesson-S\u00e9vign\u00e9, une ville pour tous","robots":{"index":"index","follow":"follow","max-snippet":"max-snippet:-1","max-image-preview":"max-image-preview:large","max-video-preview":"max-video-preview:-1"},"canonical":"https:\/\/cesson-sevigne-une-ville-pour-tous.fr\/index.php\/reinitialisation-du-mot-de-passe\/","og_locale":"fr_FR","og_type":"article","og_title":"R\u00e9initialisation du mot de passe - Cesson-S\u00e9vign\u00e9, une ville pour tous","og_url":"https:\/\/cesson-sevigne-une-ville-pour-tous.fr\/index.php\/reinitialisation-du-mot-de-passe\/","og_site_name":"Cesson-S\u00e9vign\u00e9, une ville pour tous","twitter_card":"summary_large_image","schema":{"@context":"https:\/\/schema.org","@graph":[{"@type":"WebPage","@id":"https:\/\/cesson-sevigne-une-ville-pour-tous.fr\/index.php\/reinitialisation-du-mot-de-passe\/","url":"https:\/\/cesson-sevigne-une-ville-pour-tous.fr\/index.php\/reinitialisation-du-mot-de-passe\/","name":"R\u00e9initialisation du mot de passe - Cesson-S\u00e9vign\u00e9, une ville pour tous","isPartOf":{"@id":"https:\/\/cesson-sevigne-une-ville-pour-tous.fr\/#website"},"datePublished":"2025-10-07T09:58:32+00:00","breadcrumb":{"@id":"https:\/\/cesson-sevigne-une-ville-pour-tous.fr\/index.php\/reinitialisation-du-mot-de-passe\/#breadcrumb"},"inLanguage":"fr-FR","potentialAction":[{"@type":"ReadAction","target":["https:\/\/cesson-sevigne-une-ville-pour-tous.fr\/index.php\/reinitialisation-du-mot-de-passe\/"]}]},{"@type":"BreadcrumbList","@id":"https:\/\/cesson-sevigne-une-ville-pour-tous.fr\/index.php\/reinitialisation-du-mot-de-passe\/#breadcrumb","itemListElement":[{"@type":"ListItem","position":1,"name":"Accueil","item":"https:\/\/cesson-sevigne-une-ville-pour-tous.fr\/"},{"@type":"ListItem","position":2,"name":"R\u00e9initialisation du mot de passe"}]},{"@type":"WebSite","@id":"https:\/\/cesson-sevigne-une-ville-pour-tous.fr\/#website","url":"https:\/\/cesson-sevigne-une-ville-pour-tous.fr\/","name":"Cesson-S\u00e9vign\u00e9, une ville pour tous","description":"Cesson-S\u00e9vign\u00e9, une ville pour tous","publisher":{"@id":"https:\/\/cesson-sevigne-une-ville-pour-tous.fr\/#organization"},"potentialAction":[{"@type":"SearchAction","target":{"@type":"EntryPoint","urlTemplate":"https:\/\/cesson-sevigne-une-ville-pour-tous.fr\/?s={search_term_string}"},"query-input":{"@type":"PropertyValueSpecification","valueRequired":true,"valueName":"search_term_string"}}],"inLanguage":"fr-FR"},{"@type":"Organization","@id":"https:\/\/cesson-sevigne-une-ville-pour-tous.fr\/#organization","name":"Cesson-S\u00e9vign\u00e9, une ville pour tous","url":"https:\/\/cesson-sevigne-une-ville-pour-tous.fr\/","logo":{"@type":"ImageObject","inLanguage":"fr-FR","@id":"https:\/\/cesson-sevigne-une-ville-pour-tous.fr\/#\/schema\/logo\/image\/","url":"https:\/\/cesson-sevigne-une-ville-pour-tous.fr\/wp-content\/uploads\/2025\/09\/cropped-Logo-B-fondBlanc-1.png","contentUrl":"https:\/\/cesson-sevigne-une-ville-pour-tous.fr\/wp-content\/uploads\/2025\/09\/cropped-Logo-B-fondBlanc-1.png","width":256,"height":256,"caption":"Cesson-S\u00e9vign\u00e9, une ville pour tous"},"image":{"@id":"https:\/\/cesson-sevigne-une-ville-pour-tous.fr\/#\/schema\/logo\/image\/"},"sameAs":["https:\/\/www.instagram.com\/cessonunevillepourtous"]}]}},"_links":{"self":[{"href":"https:\/\/cesson-sevigne-une-ville-pour-tous.fr\/index.php\/wp-json\/wp\/v2\/pages\/594","targetHints":{"allow":["GET"]}}],"collection":[{"href":"https:\/\/cesson-sevigne-une-ville-pour-tous.fr\/index.php\/wp-json\/wp\/v2\/pages"}],"about":[{"href":"https:\/\/cesson-sevigne-une-ville-pour-tous.fr\/index.php\/wp-json\/wp\/v2\/types\/page"}],"author":[{"embeddable":true,"href":"https:\/\/cesson-sevigne-une-ville-pour-tous.fr\/index.php\/wp-json\/wp\/v2\/users\/1"}],"replies":[{"embeddable":true,"href":"https:\/\/cesson-sevigne-une-ville-pour-tous.fr\/index.php\/wp-json\/wp\/v2\/comments?post=594"}],"version-history":[{"count":0,"href":"https:\/\/cesson-sevigne-une-ville-pour-tous.fr\/index.php\/wp-json\/wp\/v2\/pages\/594\/revisions"}],"wp:attachment":[{"href":"https:\/\/cesson-sevigne-une-ville-pour-tous.fr\/index.php\/wp-json\/wp\/v2\/media?parent=594"}],"curies":[{"name":"wp","href":"https:\/\/api.w.org\/{rel}","templated":true}]}}