{"id":282,"date":"2025-10-03T19:19:34","date_gmt":"2025-10-03T17:19:34","guid":{"rendered":"https:\/\/cesson-sevigne-une-ville-pour-tous.fr\/?page_id=282"},"modified":"2025-11-18T10:54:10","modified_gmt":"2025-11-18T09:54:10","slug":"senregistrer","status":"publish","type":"page","link":"https:\/\/cesson-sevigne-une-ville-pour-tous.fr\/index.php\/senregistrer\/","title":{"rendered":"S&rsquo;enregistrer"},"content":{"rendered":"\t\t<div data-elementor-type=\"wp-page\" data-elementor-id=\"282\" class=\"elementor elementor-282\">\n\t\t\t\t<div class=\"elementor-element elementor-element-8d61c8e e-flex e-con-boxed e-con e-parent\" data-id=\"8d61c8e\" data-element_type=\"container\">\n\t\t\t\t\t<div class=\"e-con-inner\">\n\t\t<div class=\"elementor-element elementor-element-14bf6333 e-con-full e-flex e-con e-child\" data-id=\"14bf6333\" data-element_type=\"container\">\n\t\t\t\t<div class=\"elementor-element elementor-element-1674acd9 elementor-widget__width-initial elementor-widget elementor-widget-image\" data-id=\"1674acd9\" data-element_type=\"widget\" data-widget_type=\"image.default\">\n\t\t\t\t\t\t\t\t\t\t\t\t\t\t\t<img fetchpriority=\"high\" decoding=\"async\" width=\"256\" height=\"256\" src=\"https:\/\/cesson-sevigne-une-ville-pour-tous.fr\/wp-content\/uploads\/2025\/09\/Logo-B-fondBlanc.png\" class=\"attachment-large size-large wp-image-7\" alt=\"\" srcset=\"https:\/\/cesson-sevigne-une-ville-pour-tous.fr\/wp-content\/uploads\/2025\/09\/Logo-B-fondBlanc.png 256w, https:\/\/cesson-sevigne-une-ville-pour-tous.fr\/wp-content\/uploads\/2025\/09\/Logo-B-fondBlanc-150x150.png 150w\" sizes=\"(max-width: 256px) 100vw, 256px\" \/>\t\t\t\t\t\t\t\t\t\t\t\t\t\t\t<\/div>\n\t\t\t\t<\/div>\n\t\t<div class=\"elementor-element elementor-element-242c27ed e-con-full e-flex e-con e-child\" data-id=\"242c27ed\" data-element_type=\"container\">\n\t\t\t\t<div class=\"elementor-element elementor-element-2c9c333f elementor-widget-tablet__width-initial elementor-widget elementor-widget-heading\" data-id=\"2c9c333f\" data-element_type=\"widget\" data-widget_type=\"heading.default\">\n\t\t\t\t\t<h2 class=\"elementor-heading-title elementor-size-default\">S'enregistrer pour nous suivre<\/h2>\t\t\t\t<\/div>\n\t\t\t\t<\/div>\n\t\t\t\t\t<\/div>\n\t\t\t\t<\/div>\n\t\t<div class=\"elementor-element elementor-element-9efd532 e-flex e-con-boxed e-con e-parent\" data-id=\"9efd532\" data-element_type=\"container\">\n\t\t\t\t\t<div class=\"e-con-inner\">\n\t\t<div class=\"elementor-element elementor-element-d20b2d5 e-con-full e-flex e-con e-child\" data-id=\"d20b2d5\" data-element_type=\"container\">\n\t\t\t\t<\/div>\n\t\t<div class=\"elementor-element elementor-element-6495cc6 e-con-full e-flex e-con e-child\" data-id=\"6495cc6\" data-element_type=\"container\">\n\t\t\t\t<div class=\"elementor-element elementor-element-67b1075 elementor-widget__width-initial elementor-widget elementor-widget-text-editor\" data-id=\"67b1075\" data-element_type=\"widget\" data-widget_type=\"text-editor.default\">\n\t\t\t\t\t\t\t\t\t<p>En vous enregistrant sur ce site, vous pourrez acc\u00e9der \u00e0 des contenus r\u00e9serv\u00e9s, concernant les activit\u00e9s de l&rsquo;association, les ateliers, leur organisation, et les documents qu&rsquo;ils publient.<\/p><p>De ce fait, en vous enregistrant sur ce site, vous vous engagez \u00e0 <strong>ne pas partager les informations que ce site met \u00e0 votre disposition, \u00e0 des tiers<\/strong>, et particuli\u00e8rement <strong>d&rsquo;autres personnes qui seraient engag\u00e9es dans une autre d\u00e9marche, une autre association ou m\u00eame simplement une autre approche politique<\/strong>.<\/p><p>Vous pouvez vous <a href=\"https:\/\/cesson-sevigne-une-ville-pour-tous.fr\/index.php\/nos-statuts\/\">r\u00e9f\u00e9rer ici<\/a> pour plus d&rsquo;informations sur les valeurs et la vision partag\u00e9es par les membres de l&rsquo;association, et qui fondent les travaux en ateliers dont le but est d&rsquo;approfondir un travail de terrain dans la mise en \u0153uvre de ces valeurs et de cette vision.<\/p><p><strong>L&rsquo;adh\u00e9sion \u00e0 l&rsquo;association n&rsquo;est pas obligatoire pour s&rsquo;enregistrer sur le site, mais l&rsquo;adh\u00e9sion aux valeurs qu&rsquo;elle porte est requise.<\/strong><\/p><p>La <a href=\"https:\/\/cesson-sevigne-une-ville-pour-tous.fr\/\">page d&rsquo;accueil<\/a> du site peut \u00eatre partag\u00e9e sans restriction et permettra \u00e0 tout visiteur de d\u00e9cider par lui-m\u00eame, de s&rsquo;enregistrer pour acc\u00e9der aux m\u00eames informations.<\/p><p>La zone r\u00e9serv\u00e9e aux membres enregistr\u00e9s vous permet d&rsquo;en savoir plus sur l&rsquo;association, sur ses activit\u00e9s, et nous permet de mieux vous conna\u00eetre. Cela nous de vous proposer plus de contenus et de participer, quand vous le souhaitez, \u00e0 votre rythme, aux activit\u00e9s de l&rsquo;association, dont les ateliers en cours de mise en place.<\/p><p>L&rsquo;enregistrement n&rsquo;est pas obligatoire pour nous rejoindre et participer aux r\u00e9unions g\u00e9n\u00e9rales ou aux ateliers.<\/p><p>Mais elle est <strong>recommand\u00e9e pour suivre les activit\u00e9s de l&rsquo;association<\/strong>.<\/p><p>Le processus d&rsquo;inscription est simple et ne demande qu&rsquo;un simple nom d&rsquo;utilisateur que vous choisissez, une adresse mail pour \u00e9changer avec vous, et l&rsquo;engagement du respect des valeurs de l&rsquo;association, car ces valeurs nous rassemblent.<\/p><p><strong>Parmi ces valeurs il y a l&rsquo;accueil et l&rsquo;inclusivit\u00e9, vous serez donc bienvenu.e.s parmi nous, et votre contribution nous aidera \u00e0 construire la ville de demain. Nous croyons que chaque citoyen a ce pouvoir.<\/strong><\/p><p>Enfin, <strong>les informations que vous nous confiez ne seront jamais transmises \u00e0 des tiers, ni utilis\u00e9es en dehors des activit\u00e9s de l&rsquo;association. <\/strong>En outre, conform\u00e9ment au <strong>R\u00e8glement G\u00e9n\u00e9ral de la Protection des Donn\u00e9es (RGPD)<\/strong>, vous pouvez \u00e0 tout moment nous demander d&rsquo;acc\u00e9der ou d&rsquo;effacer ces donn\u00e9es simplement en <a href=\"https:\/\/cesson-sevigne-une-ville-pour-tous.fr\/index.php\/nous-contacter\/\">contactant l&rsquo;association<\/a><\/p>\t\t\t\t\t\t\t\t<\/div>\n\t\t\t\t<\/div>\n\t\t\t\t\t<\/div>\n\t\t\t\t<\/div>\n\t\t<div class=\"elementor-element elementor-element-a53efa0 e-flex e-con-boxed e-con e-parent\" data-id=\"a53efa0\" data-element_type=\"container\">\n\t\t\t\t\t<div class=\"e-con-inner\">\n\t\t<div class=\"elementor-element elementor-element-c8ef653 e-con-full e-flex e-con e-child\" data-id=\"c8ef653\" data-element_type=\"container\">\n\t\t\t\t<\/div>\n\t\t<div class=\"elementor-element elementor-element-0e36c23 e-con-full e-flex e-con e-child\" data-id=\"0e36c23\" data-element_type=\"container\">\n\t\t\t\t<div class=\"elementor-element elementor-element-aa55810 elementor-widget elementor-widget-text-editor\" data-id=\"aa55810\" data-element_type=\"widget\" data-widget_type=\"text-editor.default\">\n\t\t\t\t\t\t\t\t\t<p><div id=\"wpmem_reg\"><a id=\"register\"><\/a><form name=\"form\" method=\"post\" action=\"https:\/\/cesson-sevigne-une-ville-pour-tous.fr\/index.php\/senregistrer\/\" id=\"wpmem_register_form\" class=\"form\"><input type=\"hidden\" id=\"_wpmem_register_nonce\" name=\"_wpmem_register_nonce\" value=\"28cd6fffaa\" \/><input type=\"hidden\" name=\"_wp_http_referer\" value=\"\/index.php\/wp-json\/wp\/v2\/pages\/282\" \/><fieldset><legend><\/legend><label for=\"username\" class=\"text\">Choisissez un Nom d\u2019utilisateur<span class=\"req\">*<\/span><\/label><div class=\"div_text\"><input name=\"username\" type=\"text\" id=\"username\" value=\"\" class=\"textbox\" required  \/><\/div><label for=\"user_email\" class=\"text\">Courriel<span class=\"req\">*<\/span><\/label><div class=\"div_text\"><input name=\"user_email\" type=\"email\" id=\"user_email\" value=\"\" class=\"textbox\" required  \/><\/div><label for=\"confirm_email\" class=\"text\">Confirmer le courriel<span class=\"req\">*<\/span><\/label><div class=\"div_text\"><input name=\"confirm_email\" type=\"email\" id=\"confirm_email\" value=\"\" class=\"textbox\" required  \/><\/div><label for=\"first_name\" class=\"text\">Pr\u00e9nom<span class=\"req\">*<\/span><\/label><div class=\"div_text\"><input name=\"first_name\" type=\"text\" id=\"first_name\" value=\"\" class=\"textbox\" required  \/><\/div><label for=\"last_name\" class=\"text\">Nom<span class=\"req\">*<\/span><\/label><div class=\"div_text\"><input name=\"last_name\" type=\"text\" id=\"last_name\" value=\"\" class=\"textbox\" required  \/><\/div><label for=\"billing_phone\" class=\"text\">Phone<\/label><div class=\"div_text\"><input name=\"billing_phone\" type=\"text\" id=\"billing_phone\" value=\"\" class=\"textbox\" \/><\/div><label for=\"quartier\" class=\"select\">Quartier<span class=\"req\">*<\/span><\/label><div class=\"div_select\"><select name=\"quartier\" id=\"quartier\" class=\"dropdown\" required ><option value=\"\">&#8212;- Choisissez dans les propositions ci-dessous &#8212;-<\/option><option value=\"beausoleil\">Beausoleil<\/option><option value=\"bourgchevreuil\">Bourgchevreuil<\/option><option value=\"cesson_sud\">Cesson Sud<\/option><option value=\"clairville\">Clairville<\/option><option value=\"dezerseul\">D\u00e9zerseul<\/option><option value=\"la_boulais\">La Boulais<\/option><option value=\"la_gaudais\">La Gaudais<\/option><option value=\"la_croix_noblet\">La Croix Noblet<\/option><option value=\"la_hublais\">La Hublais<\/option><option value=\"la_monniais\">La Monniais<\/option><option value=\"la_rigourdiere\">La Rigourdi\u00e8re<\/option><option value=\"la_salmondiere\">La Salmondi\u00e8re<\/option><option value=\"la_gaudais\">La Touche Ablin<\/option><option value=\"le_tertre\">Le Tertre<\/option><option value=\"nantiveul\">Nantiveul<\/option><option value=\"rue_de_fougere\">Rue de Foug\u00e8re<\/option><option value=\"rue_de_rennes\">Rue de Rennes<\/option><option value=\"viasilva\">Viasilva<\/option><\/select><\/div><label for=\"password\" class=\"text\">Mot de passe<span class=\"req\">*<\/span><\/label><div class=\"div_text\"><input name=\"password\" type=\"password\" id=\"password\" class=\"textbox\" required  \/><\/div><label for=\"confirm_password\" class=\"text\">Confirmer le mot de passe<span class=\"req\">*<\/span><\/label><div class=\"div_text\"><input name=\"confirm_password\" type=\"password\" id=\"confirm_password\" class=\"textbox\" required  \/><\/div><div class=\"clear\"><\/div><div class=\"captcha\"><script src=\"https:\/\/www.google.com\/recaptcha\/api.js\" async defer><\/script><div class=\"g-recaptcha\" data-sitekey=\"6LereN0rAAAAANvajZRTvnECn4llf2ola68bj1Uq\"><\/div><\/div><input name=\"a\" type=\"hidden\" value=\"register\" \/><input name=\"wpmem_reg_page\" type=\"hidden\" value=\"https:\/\/cesson-sevigne-une-ville-pour-tous.fr\/index.php\/senregistrer\/\" \/><div class=\"button_div\"><input name=\"submit\" type=\"submit\" value=\"S\u2019inscrire\" class=\"buttons\" \/><\/div><div class=\"req-text\"><span class=\"req\">*<\/span>Champ requis<\/div><\/fieldset><\/form><\/div><\/p>\t\t\t\t\t\t\t\t<\/div>\n\t\t\t\t<\/div>\n\t\t\t\t\t<\/div>\n\t\t\t\t<\/div>\n\t\t<div class=\"elementor-element elementor-element-713da33 e-flex e-con-boxed e-con e-parent\" data-id=\"713da33\" data-element_type=\"container\">\n\t\t\t\t\t<div class=\"e-con-inner\">\n\t\t\t\t\t<\/div>\n\t\t\t\t<\/div>\n\t\t\t\t<\/div>\n\t\t","protected":false},"excerpt":{"rendered":"<p>S&rsquo;enregistrer pour nous suivre En vous enregistrant sur ce site, vous pourrez acc\u00e9der \u00e0 des contenus r\u00e9serv\u00e9s, concernant les activit\u00e9s de l&rsquo;association, les ateliers, leur organisation, et les documents qu&rsquo;ils [&hellip;]<\/p>\n","protected":false},"author":1,"featured_media":0,"parent":0,"menu_order":0,"comment_status":"closed","ping_status":"open","template":"elementor_canvas","meta":{"footnotes":""},"class_list":["post-282","page","type-page","status-publish","hentry"],"yoast_head":"<!-- This site is optimized with the Yoast SEO plugin v26.4 - https:\/\/yoast.com\/wordpress\/plugins\/seo\/ -->\n<title>S&#039;enregistrer - Cesson-S\u00e9vign\u00e9, une ville pour tous<\/title>\n<meta name=\"robots\" content=\"index, follow, max-snippet:-1, max-image-preview:large, max-video-preview:-1\" \/>\n<link rel=\"canonical\" href=\"https:\/\/cesson-sevigne-une-ville-pour-tous.fr\/index.php\/senregistrer\/\" \/>\n<meta property=\"og:locale\" content=\"fr_FR\" \/>\n<meta property=\"og:type\" content=\"article\" \/>\n<meta property=\"og:title\" content=\"S&#039;enregistrer - Cesson-S\u00e9vign\u00e9, une ville pour tous\" \/>\n<meta property=\"og:description\" content=\"S&rsquo;enregistrer pour nous suivre En vous enregistrant sur ce site, vous pourrez acc\u00e9der \u00e0 des contenus r\u00e9serv\u00e9s, concernant les activit\u00e9s de l&rsquo;association, les ateliers, leur organisation, et les documents qu&rsquo;ils [&hellip;]\" \/>\n<meta property=\"og:url\" content=\"https:\/\/cesson-sevigne-une-ville-pour-tous.fr\/index.php\/senregistrer\/\" \/>\n<meta property=\"og:site_name\" content=\"Cesson-S\u00e9vign\u00e9, une ville pour tous\" \/>\n<meta property=\"article:modified_time\" content=\"2025-11-18T09:54:10+00:00\" \/>\n<meta property=\"og:image\" content=\"https:\/\/cesson-sevigne-une-ville-pour-tous.fr\/wp-content\/uploads\/2025\/09\/Logo-B-fondBlanc.png\" \/>\n\t<meta property=\"og:image:width\" content=\"256\" \/>\n\t<meta property=\"og:image:height\" content=\"256\" \/>\n\t<meta property=\"og:image:type\" content=\"image\/png\" \/>\n<meta name=\"twitter:card\" content=\"summary_large_image\" \/>\n<meta name=\"twitter:label1\" content=\"Dur\u00e9e de lecture estim\u00e9e\" \/>\n\t<meta name=\"twitter:data1\" content=\"2 minutes\" \/>\n<script type=\"application\/ld+json\" class=\"yoast-schema-graph\">{\"@context\":\"https:\/\/schema.org\",\"@graph\":[{\"@type\":\"WebPage\",\"@id\":\"https:\/\/cesson-sevigne-une-ville-pour-tous.fr\/index.php\/senregistrer\/\",\"url\":\"https:\/\/cesson-sevigne-une-ville-pour-tous.fr\/index.php\/senregistrer\/\",\"name\":\"S'enregistrer - Cesson-S\u00e9vign\u00e9, une ville pour tous\",\"isPartOf\":{\"@id\":\"https:\/\/cesson-sevigne-une-ville-pour-tous.fr\/#website\"},\"primaryImageOfPage\":{\"@id\":\"https:\/\/cesson-sevigne-une-ville-pour-tous.fr\/index.php\/senregistrer\/#primaryimage\"},\"image\":{\"@id\":\"https:\/\/cesson-sevigne-une-ville-pour-tous.fr\/index.php\/senregistrer\/#primaryimage\"},\"thumbnailUrl\":\"https:\/\/cesson-sevigne-une-ville-pour-tous.fr\/wp-content\/uploads\/2025\/09\/Logo-B-fondBlanc.png\",\"datePublished\":\"2025-10-03T17:19:34+00:00\",\"dateModified\":\"2025-11-18T09:54:10+00:00\",\"breadcrumb\":{\"@id\":\"https:\/\/cesson-sevigne-une-ville-pour-tous.fr\/index.php\/senregistrer\/#breadcrumb\"},\"inLanguage\":\"fr-FR\",\"potentialAction\":[{\"@type\":\"ReadAction\",\"target\":[\"https:\/\/cesson-sevigne-une-ville-pour-tous.fr\/index.php\/senregistrer\/\"]}]},{\"@type\":\"ImageObject\",\"inLanguage\":\"fr-FR\",\"@id\":\"https:\/\/cesson-sevigne-une-ville-pour-tous.fr\/index.php\/senregistrer\/#primaryimage\",\"url\":\"https:\/\/cesson-sevigne-une-ville-pour-tous.fr\/wp-content\/uploads\/2025\/09\/Logo-B-fondBlanc.png\",\"contentUrl\":\"https:\/\/cesson-sevigne-une-ville-pour-tous.fr\/wp-content\/uploads\/2025\/09\/Logo-B-fondBlanc.png\",\"width\":256,\"height\":256},{\"@type\":\"BreadcrumbList\",\"@id\":\"https:\/\/cesson-sevigne-une-ville-pour-tous.fr\/index.php\/senregistrer\/#breadcrumb\",\"itemListElement\":[{\"@type\":\"ListItem\",\"position\":1,\"name\":\"Accueil\",\"item\":\"https:\/\/cesson-sevigne-une-ville-pour-tous.fr\/\"},{\"@type\":\"ListItem\",\"position\":2,\"name\":\"S&rsquo;enregistrer\"}]},{\"@type\":\"WebSite\",\"@id\":\"https:\/\/cesson-sevigne-une-ville-pour-tous.fr\/#website\",\"url\":\"https:\/\/cesson-sevigne-une-ville-pour-tous.fr\/\",\"name\":\"Cesson-S\u00e9vign\u00e9, une ville pour tous\",\"description\":\"Cesson-S\u00e9vign\u00e9, une ville pour tous\",\"publisher\":{\"@id\":\"https:\/\/cesson-sevigne-une-ville-pour-tous.fr\/#organization\"},\"potentialAction\":[{\"@type\":\"SearchAction\",\"target\":{\"@type\":\"EntryPoint\",\"urlTemplate\":\"https:\/\/cesson-sevigne-une-ville-pour-tous.fr\/?s={search_term_string}\"},\"query-input\":{\"@type\":\"PropertyValueSpecification\",\"valueRequired\":true,\"valueName\":\"search_term_string\"}}],\"inLanguage\":\"fr-FR\"},{\"@type\":\"Organization\",\"@id\":\"https:\/\/cesson-sevigne-une-ville-pour-tous.fr\/#organization\",\"name\":\"Cesson-S\u00e9vign\u00e9, une ville pour tous\",\"url\":\"https:\/\/cesson-sevigne-une-ville-pour-tous.fr\/\",\"logo\":{\"@type\":\"ImageObject\",\"inLanguage\":\"fr-FR\",\"@id\":\"https:\/\/cesson-sevigne-une-ville-pour-tous.fr\/#\/schema\/logo\/image\/\",\"url\":\"https:\/\/cesson-sevigne-une-ville-pour-tous.fr\/wp-content\/uploads\/2025\/09\/cropped-Logo-B-fondBlanc-1.png\",\"contentUrl\":\"https:\/\/cesson-sevigne-une-ville-pour-tous.fr\/wp-content\/uploads\/2025\/09\/cropped-Logo-B-fondBlanc-1.png\",\"width\":256,\"height\":256,\"caption\":\"Cesson-S\u00e9vign\u00e9, une ville pour tous\"},\"image\":{\"@id\":\"https:\/\/cesson-sevigne-une-ville-pour-tous.fr\/#\/schema\/logo\/image\/\"},\"sameAs\":[\"https:\/\/www.instagram.com\/cessonunevillepourtous\"]}]}<\/script>\n<!-- \/ Yoast SEO plugin. -->","yoast_head_json":{"title":"S'enregistrer - Cesson-S\u00e9vign\u00e9, une ville pour tous","robots":{"index":"index","follow":"follow","max-snippet":"max-snippet:-1","max-image-preview":"max-image-preview:large","max-video-preview":"max-video-preview:-1"},"canonical":"https:\/\/cesson-sevigne-une-ville-pour-tous.fr\/index.php\/senregistrer\/","og_locale":"fr_FR","og_type":"article","og_title":"S'enregistrer - Cesson-S\u00e9vign\u00e9, une ville pour tous","og_description":"S&rsquo;enregistrer pour nous suivre En vous enregistrant sur ce site, vous pourrez acc\u00e9der \u00e0 des contenus r\u00e9serv\u00e9s, concernant les activit\u00e9s de l&rsquo;association, les ateliers, leur organisation, et les documents qu&rsquo;ils [&hellip;]","og_url":"https:\/\/cesson-sevigne-une-ville-pour-tous.fr\/index.php\/senregistrer\/","og_site_name":"Cesson-S\u00e9vign\u00e9, une ville pour tous","article_modified_time":"2025-11-18T09:54:10+00:00","og_image":[{"width":256,"height":256,"url":"https:\/\/cesson-sevigne-une-ville-pour-tous.fr\/wp-content\/uploads\/2025\/09\/Logo-B-fondBlanc.png","type":"image\/png"}],"twitter_card":"summary_large_image","twitter_misc":{"Dur\u00e9e de lecture estim\u00e9e":"2 minutes"},"schema":{"@context":"https:\/\/schema.org","@graph":[{"@type":"WebPage","@id":"https:\/\/cesson-sevigne-une-ville-pour-tous.fr\/index.php\/senregistrer\/","url":"https:\/\/cesson-sevigne-une-ville-pour-tous.fr\/index.php\/senregistrer\/","name":"S'enregistrer - Cesson-S\u00e9vign\u00e9, une ville pour tous","isPartOf":{"@id":"https:\/\/cesson-sevigne-une-ville-pour-tous.fr\/#website"},"primaryImageOfPage":{"@id":"https:\/\/cesson-sevigne-une-ville-pour-tous.fr\/index.php\/senregistrer\/#primaryimage"},"image":{"@id":"https:\/\/cesson-sevigne-une-ville-pour-tous.fr\/index.php\/senregistrer\/#primaryimage"},"thumbnailUrl":"https:\/\/cesson-sevigne-une-ville-pour-tous.fr\/wp-content\/uploads\/2025\/09\/Logo-B-fondBlanc.png","datePublished":"2025-10-03T17:19:34+00:00","dateModified":"2025-11-18T09:54:10+00:00","breadcrumb":{"@id":"https:\/\/cesson-sevigne-une-ville-pour-tous.fr\/index.php\/senregistrer\/#breadcrumb"},"inLanguage":"fr-FR","potentialAction":[{"@type":"ReadAction","target":["https:\/\/cesson-sevigne-une-ville-pour-tous.fr\/index.php\/senregistrer\/"]}]},{"@type":"ImageObject","inLanguage":"fr-FR","@id":"https:\/\/cesson-sevigne-une-ville-pour-tous.fr\/index.php\/senregistrer\/#primaryimage","url":"https:\/\/cesson-sevigne-une-ville-pour-tous.fr\/wp-content\/uploads\/2025\/09\/Logo-B-fondBlanc.png","contentUrl":"https:\/\/cesson-sevigne-une-ville-pour-tous.fr\/wp-content\/uploads\/2025\/09\/Logo-B-fondBlanc.png","width":256,"height":256},{"@type":"BreadcrumbList","@id":"https:\/\/cesson-sevigne-une-ville-pour-tous.fr\/index.php\/senregistrer\/#breadcrumb","itemListElement":[{"@type":"ListItem","position":1,"name":"Accueil","item":"https:\/\/cesson-sevigne-une-ville-pour-tous.fr\/"},{"@type":"ListItem","position":2,"name":"S&rsquo;enregistrer"}]},{"@type":"WebSite","@id":"https:\/\/cesson-sevigne-une-ville-pour-tous.fr\/#website","url":"https:\/\/cesson-sevigne-une-ville-pour-tous.fr\/","name":"Cesson-S\u00e9vign\u00e9, une ville pour tous","description":"Cesson-S\u00e9vign\u00e9, une ville pour tous","publisher":{"@id":"https:\/\/cesson-sevigne-une-ville-pour-tous.fr\/#organization"},"potentialAction":[{"@type":"SearchAction","target":{"@type":"EntryPoint","urlTemplate":"https:\/\/cesson-sevigne-une-ville-pour-tous.fr\/?s={search_term_string}"},"query-input":{"@type":"PropertyValueSpecification","valueRequired":true,"valueName":"search_term_string"}}],"inLanguage":"fr-FR"},{"@type":"Organization","@id":"https:\/\/cesson-sevigne-une-ville-pour-tous.fr\/#organization","name":"Cesson-S\u00e9vign\u00e9, une ville pour tous","url":"https:\/\/cesson-sevigne-une-ville-pour-tous.fr\/","logo":{"@type":"ImageObject","inLanguage":"fr-FR","@id":"https:\/\/cesson-sevigne-une-ville-pour-tous.fr\/#\/schema\/logo\/image\/","url":"https:\/\/cesson-sevigne-une-ville-pour-tous.fr\/wp-content\/uploads\/2025\/09\/cropped-Logo-B-fondBlanc-1.png","contentUrl":"https:\/\/cesson-sevigne-une-ville-pour-tous.fr\/wp-content\/uploads\/2025\/09\/cropped-Logo-B-fondBlanc-1.png","width":256,"height":256,"caption":"Cesson-S\u00e9vign\u00e9, une ville pour tous"},"image":{"@id":"https:\/\/cesson-sevigne-une-ville-pour-tous.fr\/#\/schema\/logo\/image\/"},"sameAs":["https:\/\/www.instagram.com\/cessonunevillepourtous"]}]}},"_links":{"self":[{"href":"https:\/\/cesson-sevigne-une-ville-pour-tous.fr\/index.php\/wp-json\/wp\/v2\/pages\/282","targetHints":{"allow":["GET"]}}],"collection":[{"href":"https:\/\/cesson-sevigne-une-ville-pour-tous.fr\/index.php\/wp-json\/wp\/v2\/pages"}],"about":[{"href":"https:\/\/cesson-sevigne-une-ville-pour-tous.fr\/index.php\/wp-json\/wp\/v2\/types\/page"}],"author":[{"embeddable":true,"href":"https:\/\/cesson-sevigne-une-ville-pour-tous.fr\/index.php\/wp-json\/wp\/v2\/users\/1"}],"replies":[{"embeddable":true,"href":"https:\/\/cesson-sevigne-une-ville-pour-tous.fr\/index.php\/wp-json\/wp\/v2\/comments?post=282"}],"version-history":[{"count":39,"href":"https:\/\/cesson-sevigne-une-ville-pour-tous.fr\/index.php\/wp-json\/wp\/v2\/pages\/282\/revisions"}],"predecessor-version":[{"id":1145,"href":"https:\/\/cesson-sevigne-une-ville-pour-tous.fr\/index.php\/wp-json\/wp\/v2\/pages\/282\/revisions\/1145"}],"wp:attachment":[{"href":"https:\/\/cesson-sevigne-une-ville-pour-tous.fr\/index.php\/wp-json\/wp\/v2\/media?parent=282"}],"curies":[{"name":"wp","href":"https:\/\/api.w.org\/{rel}","templated":true}]}}