{"id":2,"date":"2025-09-12T13:50:29","date_gmt":"2025-09-12T11:50:29","guid":{"rendered":"https:\/\/cesson-sevigne-une-ville-pour-tous.fr\/?page_id=2"},"modified":"2026-05-07T17:40:32","modified_gmt":"2026-05-07T15:40:32","slug":"page-d-exemple","status":"publish","type":"page","link":"https:\/\/cesson-sevigne-une-ville-pour-tous.fr\/","title":{"rendered":"Accueil"},"content":{"rendered":"\t\t<div data-elementor-type=\"wp-page\" data-elementor-id=\"2\" class=\"elementor elementor-2\">\n\t\t\t\t<div class=\"elementor-element elementor-element-8ed3556 e-flex e-con-boxed e-con e-parent\" data-id=\"8ed3556\" data-element_type=\"container\">\n\t\t\t\t\t<div class=\"e-con-inner\">\n\t\t<div class=\"elementor-element elementor-element-f55c951 e-con-full e-flex e-con e-child\" data-id=\"f55c951\" data-element_type=\"container\">\n\t\t\t\t<div class=\"elementor-element elementor-element-89920a8 elementor-widget__width-initial elementor-widget elementor-widget-image\" data-id=\"89920a8\" data-element_type=\"widget\" data-widget_type=\"image.default\">\n\t\t\t\t\t\t\t\t\t\t\t\t\t\t\t<img fetchpriority=\"high\" decoding=\"async\" width=\"256\" height=\"256\" src=\"https:\/\/cesson-sevigne-une-ville-pour-tous.fr\/wp-content\/uploads\/2025\/09\/Logo-B-fondBlanc.png\" class=\"attachment-large size-large wp-image-7\" alt=\"\" srcset=\"https:\/\/cesson-sevigne-une-ville-pour-tous.fr\/wp-content\/uploads\/2025\/09\/Logo-B-fondBlanc.png 256w, https:\/\/cesson-sevigne-une-ville-pour-tous.fr\/wp-content\/uploads\/2025\/09\/Logo-B-fondBlanc-150x150.png 150w\" sizes=\"(max-width: 256px) 100vw, 256px\" \/>\t\t\t\t\t\t\t\t\t\t\t\t\t\t\t<\/div>\n\t\t\t\t<\/div>\n\t\t<div class=\"elementor-element elementor-element-89ffb91 e-con-full e-flex e-con e-child\" data-id=\"89ffb91\" data-element_type=\"container\">\n\t\t\t\t<div class=\"elementor-element elementor-element-e5d3ed7 elementor-widget elementor-widget-image\" data-id=\"e5d3ed7\" data-element_type=\"widget\" data-widget_type=\"image.default\">\n\t\t\t\t\t\t\t\t\t\t\t\t\t\t\t<img decoding=\"async\" width=\"800\" height=\"176\" src=\"https:\/\/cesson-sevigne-une-ville-pour-tous.fr\/wp-content\/uploads\/2025\/09\/MailLabel-1024x225.jpg\" class=\"attachment-large size-large wp-image-25\" alt=\"\" srcset=\"https:\/\/cesson-sevigne-une-ville-pour-tous.fr\/wp-content\/uploads\/2025\/09\/MailLabel-1024x225.jpg 1024w, https:\/\/cesson-sevigne-une-ville-pour-tous.fr\/wp-content\/uploads\/2025\/09\/MailLabel-300x66.jpg 300w, https:\/\/cesson-sevigne-une-ville-pour-tous.fr\/wp-content\/uploads\/2025\/09\/MailLabel-768x169.jpg 768w, https:\/\/cesson-sevigne-une-ville-pour-tous.fr\/wp-content\/uploads\/2025\/09\/MailLabel.jpg 1217w\" sizes=\"(max-width: 800px) 100vw, 800px\" \/>\t\t\t\t\t\t\t\t\t\t\t\t\t\t\t<\/div>\n\t\t\t\t<\/div>\n\t\t\t\t\t<\/div>\n\t\t\t\t<\/div>\n\t\t<div class=\"elementor-element elementor-element-8bd0c2e e-flex e-con-boxed e-con e-parent\" data-id=\"8bd0c2e\" data-element_type=\"container\">\n\t\t\t\t\t<div class=\"e-con-inner\">\n\t\t<div class=\"elementor-element elementor-element-2d8ff7d e-con-full e-flex e-con e-child\" data-id=\"2d8ff7d\" data-element_type=\"container\">\n\t\t\t\t<\/div>\n\t\t<div class=\"elementor-element elementor-element-0f5f76c e-con-full e-flex e-con e-child\" data-id=\"0f5f76c\" data-element_type=\"container\">\n\t\t\t\t<div class=\"elementor-element elementor-element-a88312c elementor-widget__width-initial elementor-widget-tablet__width-initial elementor-widget elementor-widget-text-editor\" data-id=\"a88312c\" data-element_type=\"widget\" data-widget_type=\"text-editor.default\">\n\t\t\t\t\t\t\t\t\t<p>Depuis l&rsquo;\u00e9t\u00e9 2025, l&rsquo;association <strong><span style=\"color: #1ba7a6;\">Cesson-S\u00e9vign\u00e9, une ville pour tous<\/span><\/strong> a accompagn\u00e9 un collectif de citoyens pour construire un projet pour notre ville.<\/p><p>L&rsquo;association a organis\u00e9 des travaux en ateliers, sur plusieurs th\u00e9matiques que vous avez identifi\u00e9es lors de notre premi\u00e8re r\u00e9union.<\/p><p>Ce projet a \u00e9t\u00e9 port\u00e9 par la liste <strong>Cesson-S\u00e9vign\u00e9, Solidaire et Ecologique<\/strong>, aux derni\u00e8res \u00e9lections municipales.<\/p><p>Pendant la campagne \u00e9lectorale proprement dite, l&rsquo;association s&rsquo;est mise en retrait et ce site a \u00e9t\u00e9 ferm\u00e9, pour laisser la priorit\u00e9 \u00e0 la campagne elle-m\u00eame.<\/p><p>La campagne est maintenant termin\u00e9e, l&rsquo;association va reprendre ses activit\u00e9s.<\/p><p>Une Assembl\u00e9e g\u00e9n\u00e9rale sera propos\u00e9e avant l&rsquo;\u00e9t\u00e9 afin de nous projeter sur le mandat qui vient aux cot\u00e9s des \u00e9lus de la liste <strong>Cesson-S\u00e9vign\u00e9, Solidaire et Ecologique.<\/strong><\/p><p>Pour en savoir plus, vous pouvez soit venir \u00e0 une de nos r\u00e9unions, soit vous <a href=\"https:\/\/cesson-sevigne-une-ville-pour-tous.fr\/index.php\/senregistrer\/\">enregistrer sur ce site en allant sur cette page<\/a>.<\/p>\t\t\t\t\t\t\t\t<\/div>\n\t\t\t\t<\/div>\n\t\t\t\t\t<\/div>\n\t\t\t\t<\/div>\n\t\t<div class=\"elementor-element elementor-element-42f2aed e-flex e-con-boxed e-con e-parent\" data-id=\"42f2aed\" data-element_type=\"container\">\n\t\t\t\t\t<div class=\"e-con-inner\">\n\t\t<div class=\"elementor-element elementor-element-1223072 e-con-full e-flex e-con e-child\" data-id=\"1223072\" data-element_type=\"container\">\n\t\t\t\t<\/div>\n\t\t<div class=\"elementor-element elementor-element-1bff331 e-con-full e-flex e-con e-child\" data-id=\"1bff331\" data-element_type=\"container\">\n\t\t\t\t<div class=\"elementor-element elementor-element-73ddf15 elementor-widget elementor-widget-text-editor\" data-id=\"73ddf15\" data-element_type=\"widget\" data-widget_type=\"text-editor.default\">\n\t\t\t\t\t\t\t\t\t<p>Vous pouvez nous <a href=\"https:\/\/cesson-sevigne-une-ville-pour-tous.fr\/index.php\/nous-contacter\/\"><strong>contacter ici<\/strong><\/a>,<br \/>et nous envoyer un message.<\/p>\t\t\t\t\t\t\t\t<\/div>\n\t\t\t\t<\/div>\n\t\t\t\t\t<\/div>\n\t\t\t\t<\/div>\n\t\t\t\t<\/div>\n\t\t","protected":false},"excerpt":{"rendered":"<p>Depuis l&rsquo;\u00e9t\u00e9 2025, l&rsquo;association Cesson-S\u00e9vign\u00e9, une ville pour tous a accompagn\u00e9 un collectif de citoyens pour construire un projet pour notre ville. L&rsquo;association a organis\u00e9 des travaux en ateliers, sur [&hellip;]<\/p>\n","protected":false},"author":1,"featured_media":0,"parent":0,"menu_order":0,"comment_status":"closed","ping_status":"open","template":"elementor_canvas","meta":{"footnotes":""},"class_list":["post-2","page","type-page","status-publish","hentry"],"yoast_head":"<!-- This site is optimized with the Yoast SEO plugin v26.4 - https:\/\/yoast.com\/wordpress\/plugins\/seo\/ -->\n<title>Accueil - Cesson-S\u00e9vign\u00e9, une ville pour tous<\/title>\n<meta name=\"robots\" content=\"index, follow, max-snippet:-1, max-image-preview:large, max-video-preview:-1\" \/>\n<link rel=\"canonical\" href=\"https:\/\/cesson-sevigne-une-ville-pour-tous.fr\/\" \/>\n<meta property=\"og:locale\" content=\"fr_FR\" \/>\n<meta property=\"og:type\" content=\"article\" \/>\n<meta property=\"og:title\" content=\"Accueil - Cesson-S\u00e9vign\u00e9, une ville pour tous\" \/>\n<meta property=\"og:description\" content=\"Depuis l&rsquo;\u00e9t\u00e9 2025, l&rsquo;association Cesson-S\u00e9vign\u00e9, une ville pour tous a accompagn\u00e9 un collectif de citoyens pour construire un projet pour notre ville. L&rsquo;association a organis\u00e9 des travaux en ateliers, sur [&hellip;]\" \/>\n<meta property=\"og:url\" content=\"https:\/\/cesson-sevigne-une-ville-pour-tous.fr\/\" \/>\n<meta property=\"og:site_name\" content=\"Cesson-S\u00e9vign\u00e9, une ville pour tous\" \/>\n<meta property=\"article:modified_time\" content=\"2026-05-07T15:40:32+00:00\" \/>\n<meta property=\"og:image\" content=\"https:\/\/cesson-sevigne-une-ville-pour-tous.fr\/wp-content\/uploads\/2025\/09\/Logo-B-fondBlanc.png\" \/>\n\t<meta property=\"og:image:width\" content=\"256\" \/>\n\t<meta property=\"og:image:height\" content=\"256\" \/>\n\t<meta property=\"og:image:type\" content=\"image\/png\" \/>\n<meta name=\"twitter:card\" content=\"summary_large_image\" \/>\n<meta name=\"twitter:label1\" content=\"Dur\u00e9e de lecture estim\u00e9e\" \/>\n\t<meta name=\"twitter:data1\" content=\"1 minute\" \/>\n<script type=\"application\/ld+json\" class=\"yoast-schema-graph\">{\"@context\":\"https:\/\/schema.org\",\"@graph\":[{\"@type\":\"WebPage\",\"@id\":\"https:\/\/cesson-sevigne-une-ville-pour-tous.fr\/\",\"url\":\"https:\/\/cesson-sevigne-une-ville-pour-tous.fr\/\",\"name\":\"Accueil - Cesson-S\u00e9vign\u00e9, une ville pour tous\",\"isPartOf\":{\"@id\":\"https:\/\/cesson-sevigne-une-ville-pour-tous.fr\/#website\"},\"primaryImageOfPage\":{\"@id\":\"https:\/\/cesson-sevigne-une-ville-pour-tous.fr\/#primaryimage\"},\"image\":{\"@id\":\"https:\/\/cesson-sevigne-une-ville-pour-tous.fr\/#primaryimage\"},\"thumbnailUrl\":\"https:\/\/cesson-sevigne-une-ville-pour-tous.fr\/wp-content\/uploads\/2025\/09\/Logo-B-fondBlanc.png\",\"datePublished\":\"2025-09-12T11:50:29+00:00\",\"dateModified\":\"2026-05-07T15:40:32+00:00\",\"breadcrumb\":{\"@id\":\"https:\/\/cesson-sevigne-une-ville-pour-tous.fr\/#breadcrumb\"},\"inLanguage\":\"fr-FR\",\"potentialAction\":[{\"@type\":\"ReadAction\",\"target\":[\"https:\/\/cesson-sevigne-une-ville-pour-tous.fr\/\"]}]},{\"@type\":\"ImageObject\",\"inLanguage\":\"fr-FR\",\"@id\":\"https:\/\/cesson-sevigne-une-ville-pour-tous.fr\/#primaryimage\",\"url\":\"https:\/\/cesson-sevigne-une-ville-pour-tous.fr\/wp-content\/uploads\/2025\/09\/Logo-B-fondBlanc.png\",\"contentUrl\":\"https:\/\/cesson-sevigne-une-ville-pour-tous.fr\/wp-content\/uploads\/2025\/09\/Logo-B-fondBlanc.png\",\"width\":256,\"height\":256},{\"@type\":\"BreadcrumbList\",\"@id\":\"https:\/\/cesson-sevigne-une-ville-pour-tous.fr\/#breadcrumb\",\"itemListElement\":[{\"@type\":\"ListItem\",\"position\":1,\"name\":\"Accueil\",\"item\":\"https:\/\/cesson-sevigne-une-ville-pour-tous.fr\/\"},{\"@type\":\"ListItem\",\"position\":2,\"name\":\"Accueil\"}]},{\"@type\":\"WebSite\",\"@id\":\"https:\/\/cesson-sevigne-une-ville-pour-tous.fr\/#website\",\"url\":\"https:\/\/cesson-sevigne-une-ville-pour-tous.fr\/\",\"name\":\"Cesson-S\u00e9vign\u00e9, une ville pour tous\",\"description\":\"Cesson-S\u00e9vign\u00e9, une ville pour tous\",\"publisher\":{\"@id\":\"https:\/\/cesson-sevigne-une-ville-pour-tous.fr\/#organization\"},\"potentialAction\":[{\"@type\":\"SearchAction\",\"target\":{\"@type\":\"EntryPoint\",\"urlTemplate\":\"https:\/\/cesson-sevigne-une-ville-pour-tous.fr\/?s={search_term_string}\"},\"query-input\":{\"@type\":\"PropertyValueSpecification\",\"valueRequired\":true,\"valueName\":\"search_term_string\"}}],\"inLanguage\":\"fr-FR\"},{\"@type\":\"Organization\",\"@id\":\"https:\/\/cesson-sevigne-une-ville-pour-tous.fr\/#organization\",\"name\":\"Cesson-S\u00e9vign\u00e9, une ville pour tous\",\"url\":\"https:\/\/cesson-sevigne-une-ville-pour-tous.fr\/\",\"logo\":{\"@type\":\"ImageObject\",\"inLanguage\":\"fr-FR\",\"@id\":\"https:\/\/cesson-sevigne-une-ville-pour-tous.fr\/#\/schema\/logo\/image\/\",\"url\":\"https:\/\/cesson-sevigne-une-ville-pour-tous.fr\/wp-content\/uploads\/2025\/09\/cropped-Logo-B-fondBlanc-1.png\",\"contentUrl\":\"https:\/\/cesson-sevigne-une-ville-pour-tous.fr\/wp-content\/uploads\/2025\/09\/cropped-Logo-B-fondBlanc-1.png\",\"width\":256,\"height\":256,\"caption\":\"Cesson-S\u00e9vign\u00e9, une ville pour tous\"},\"image\":{\"@id\":\"https:\/\/cesson-sevigne-une-ville-pour-tous.fr\/#\/schema\/logo\/image\/\"},\"sameAs\":[\"https:\/\/www.instagram.com\/cessonunevillepourtous\"]}]}<\/script>\n<!-- \/ Yoast SEO plugin. -->","yoast_head_json":{"title":"Accueil - Cesson-S\u00e9vign\u00e9, une ville pour tous","robots":{"index":"index","follow":"follow","max-snippet":"max-snippet:-1","max-image-preview":"max-image-preview:large","max-video-preview":"max-video-preview:-1"},"canonical":"https:\/\/cesson-sevigne-une-ville-pour-tous.fr\/","og_locale":"fr_FR","og_type":"article","og_title":"Accueil - Cesson-S\u00e9vign\u00e9, une ville pour tous","og_description":"Depuis l&rsquo;\u00e9t\u00e9 2025, l&rsquo;association Cesson-S\u00e9vign\u00e9, une ville pour tous a accompagn\u00e9 un collectif de citoyens pour construire un projet pour notre ville. L&rsquo;association a organis\u00e9 des travaux en ateliers, sur [&hellip;]","og_url":"https:\/\/cesson-sevigne-une-ville-pour-tous.fr\/","og_site_name":"Cesson-S\u00e9vign\u00e9, une ville pour tous","article_modified_time":"2026-05-07T15:40:32+00:00","og_image":[{"width":256,"height":256,"url":"https:\/\/cesson-sevigne-une-ville-pour-tous.fr\/wp-content\/uploads\/2025\/09\/Logo-B-fondBlanc.png","type":"image\/png"}],"twitter_card":"summary_large_image","twitter_misc":{"Dur\u00e9e de lecture estim\u00e9e":"1 minute"},"schema":{"@context":"https:\/\/schema.org","@graph":[{"@type":"WebPage","@id":"https:\/\/cesson-sevigne-une-ville-pour-tous.fr\/","url":"https:\/\/cesson-sevigne-une-ville-pour-tous.fr\/","name":"Accueil - Cesson-S\u00e9vign\u00e9, une ville pour tous","isPartOf":{"@id":"https:\/\/cesson-sevigne-une-ville-pour-tous.fr\/#website"},"primaryImageOfPage":{"@id":"https:\/\/cesson-sevigne-une-ville-pour-tous.fr\/#primaryimage"},"image":{"@id":"https:\/\/cesson-sevigne-une-ville-pour-tous.fr\/#primaryimage"},"thumbnailUrl":"https:\/\/cesson-sevigne-une-ville-pour-tous.fr\/wp-content\/uploads\/2025\/09\/Logo-B-fondBlanc.png","datePublished":"2025-09-12T11:50:29+00:00","dateModified":"2026-05-07T15:40:32+00:00","breadcrumb":{"@id":"https:\/\/cesson-sevigne-une-ville-pour-tous.fr\/#breadcrumb"},"inLanguage":"fr-FR","potentialAction":[{"@type":"ReadAction","target":["https:\/\/cesson-sevigne-une-ville-pour-tous.fr\/"]}]},{"@type":"ImageObject","inLanguage":"fr-FR","@id":"https:\/\/cesson-sevigne-une-ville-pour-tous.fr\/#primaryimage","url":"https:\/\/cesson-sevigne-une-ville-pour-tous.fr\/wp-content\/uploads\/2025\/09\/Logo-B-fondBlanc.png","contentUrl":"https:\/\/cesson-sevigne-une-ville-pour-tous.fr\/wp-content\/uploads\/2025\/09\/Logo-B-fondBlanc.png","width":256,"height":256},{"@type":"BreadcrumbList","@id":"https:\/\/cesson-sevigne-une-ville-pour-tous.fr\/#breadcrumb","itemListElement":[{"@type":"ListItem","position":1,"name":"Accueil","item":"https:\/\/cesson-sevigne-une-ville-pour-tous.fr\/"},{"@type":"ListItem","position":2,"name":"Accueil"}]},{"@type":"WebSite","@id":"https:\/\/cesson-sevigne-une-ville-pour-tous.fr\/#website","url":"https:\/\/cesson-sevigne-une-ville-pour-tous.fr\/","name":"Cesson-S\u00e9vign\u00e9, une ville pour tous","description":"Cesson-S\u00e9vign\u00e9, une ville pour tous","publisher":{"@id":"https:\/\/cesson-sevigne-une-ville-pour-tous.fr\/#organization"},"potentialAction":[{"@type":"SearchAction","target":{"@type":"EntryPoint","urlTemplate":"https:\/\/cesson-sevigne-une-ville-pour-tous.fr\/?s={search_term_string}"},"query-input":{"@type":"PropertyValueSpecification","valueRequired":true,"valueName":"search_term_string"}}],"inLanguage":"fr-FR"},{"@type":"Organization","@id":"https:\/\/cesson-sevigne-une-ville-pour-tous.fr\/#organization","name":"Cesson-S\u00e9vign\u00e9, une ville pour tous","url":"https:\/\/cesson-sevigne-une-ville-pour-tous.fr\/","logo":{"@type":"ImageObject","inLanguage":"fr-FR","@id":"https:\/\/cesson-sevigne-une-ville-pour-tous.fr\/#\/schema\/logo\/image\/","url":"https:\/\/cesson-sevigne-une-ville-pour-tous.fr\/wp-content\/uploads\/2025\/09\/cropped-Logo-B-fondBlanc-1.png","contentUrl":"https:\/\/cesson-sevigne-une-ville-pour-tous.fr\/wp-content\/uploads\/2025\/09\/cropped-Logo-B-fondBlanc-1.png","width":256,"height":256,"caption":"Cesson-S\u00e9vign\u00e9, une ville pour tous"},"image":{"@id":"https:\/\/cesson-sevigne-une-ville-pour-tous.fr\/#\/schema\/logo\/image\/"},"sameAs":["https:\/\/www.instagram.com\/cessonunevillepourtous"]}]}},"_links":{"self":[{"href":"https:\/\/cesson-sevigne-une-ville-pour-tous.fr\/index.php\/wp-json\/wp\/v2\/pages\/2","targetHints":{"allow":["GET"]}}],"collection":[{"href":"https:\/\/cesson-sevigne-une-ville-pour-tous.fr\/index.php\/wp-json\/wp\/v2\/pages"}],"about":[{"href":"https:\/\/cesson-sevigne-une-ville-pour-tous.fr\/index.php\/wp-json\/wp\/v2\/types\/page"}],"author":[{"embeddable":true,"href":"https:\/\/cesson-sevigne-une-ville-pour-tous.fr\/index.php\/wp-json\/wp\/v2\/users\/1"}],"replies":[{"embeddable":true,"href":"https:\/\/cesson-sevigne-une-ville-pour-tous.fr\/index.php\/wp-json\/wp\/v2\/comments?post=2"}],"version-history":[{"count":114,"href":"https:\/\/cesson-sevigne-une-ville-pour-tous.fr\/index.php\/wp-json\/wp\/v2\/pages\/2\/revisions"}],"predecessor-version":[{"id":1380,"href":"https:\/\/cesson-sevigne-une-ville-pour-tous.fr\/index.php\/wp-json\/wp\/v2\/pages\/2\/revisions\/1380"}],"wp:attachment":[{"href":"https:\/\/cesson-sevigne-une-ville-pour-tous.fr\/index.php\/wp-json\/wp\/v2\/media?parent=2"}],"curies":[{"name":"wp","href":"https:\/\/api.w.org\/{rel}","templated":true}]}}