{"id":131,"date":"2025-09-17T10:29:57","date_gmt":"2025-09-17T08:29:57","guid":{"rendered":"https:\/\/cesson-sevigne-une-ville-pour-tous.fr\/?page_id=131"},"modified":"2025-10-10T12:06:52","modified_gmt":"2025-10-10T10:06:52","slug":"nos-statuts-nos-valeurs","status":"publish","type":"page","link":"https:\/\/cesson-sevigne-une-ville-pour-tous.fr\/index.php\/nos-statuts-nos-valeurs\/","title":{"rendered":"Nos statuts et nos valeurs"},"content":{"rendered":"\t\t<div data-elementor-type=\"wp-page\" data-elementor-id=\"131\" class=\"elementor elementor-131\">\n\t\t\t\t<div class=\"elementor-element elementor-element-8ed3556 e-flex e-con-boxed e-con e-parent\" data-id=\"8ed3556\" data-element_type=\"container\">\n\t\t\t\t\t<div class=\"e-con-inner\">\n\t\t<div class=\"elementor-element elementor-element-f55c951 e-con-full e-flex e-con e-child\" data-id=\"f55c951\" data-element_type=\"container\">\n\t\t\t\t<div class=\"elementor-element elementor-element-89920a8 elementor-widget__width-initial elementor-widget elementor-widget-image\" data-id=\"89920a8\" data-element_type=\"widget\" data-widget_type=\"image.default\">\n\t\t\t\t\t\t\t\t\t\t\t\t\t\t\t<img fetchpriority=\"high\" decoding=\"async\" width=\"256\" height=\"256\" src=\"https:\/\/cesson-sevigne-une-ville-pour-tous.fr\/wp-content\/uploads\/2025\/09\/Logo-B-fondBlanc.png\" class=\"attachment-large size-large wp-image-7\" alt=\"\" srcset=\"https:\/\/cesson-sevigne-une-ville-pour-tous.fr\/wp-content\/uploads\/2025\/09\/Logo-B-fondBlanc.png 256w, https:\/\/cesson-sevigne-une-ville-pour-tous.fr\/wp-content\/uploads\/2025\/09\/Logo-B-fondBlanc-150x150.png 150w\" sizes=\"(max-width: 256px) 100vw, 256px\" \/>\t\t\t\t\t\t\t\t\t\t\t\t\t\t\t<\/div>\n\t\t\t\t<\/div>\n\t\t<div class=\"elementor-element elementor-element-89ffb91 e-con-full e-flex e-con e-child\" data-id=\"89ffb91\" data-element_type=\"container\">\n\t\t\t\t<div class=\"elementor-element elementor-element-98a8a8c elementor-widget elementor-widget-heading\" data-id=\"98a8a8c\" data-element_type=\"widget\" data-widget_type=\"heading.default\">\n\t\t\t\t\t<h2 class=\"elementor-heading-title elementor-size-default\">Nos statuts et nos valeurs<\/h2>\t\t\t\t<\/div>\n\t\t\t\t<\/div>\n\t\t\t\t\t<\/div>\n\t\t\t\t<\/div>\n\t\t<div class=\"elementor-element elementor-element-8bd0c2e e-flex e-con-boxed e-con e-parent\" data-id=\"8bd0c2e\" data-element_type=\"container\">\n\t\t\t\t\t<div class=\"e-con-inner\">\n\t\t<div class=\"elementor-element elementor-element-2d8ff7d e-con-full e-flex e-con e-child\" data-id=\"2d8ff7d\" data-element_type=\"container\">\n\t\t\t\t<\/div>\n\t\t<div class=\"elementor-element elementor-element-0f5f76c e-con-full e-flex e-con e-child\" data-id=\"0f5f76c\" data-element_type=\"container\">\n\t\t\t\t<div class=\"elementor-element elementor-element-a88312c elementor-widget elementor-widget-text-editor\" data-id=\"a88312c\" data-element_type=\"widget\" data-widget_type=\"text-editor.default\">\n\t\t\t\t\t\t\t\t\t<p>L&rsquo;association <strong><span style=\"color: #1ba7a6;\">Cesson-S\u00e9vign\u00e9, une ville pour tous<\/span><\/strong> a \u00e9t\u00e9 cr\u00e9\u00e9e en mai 2025 par la volont\u00e9 de personnes qui voulaient redonner du sens \u00e0 leurs engagements personnels dans le domaine de l&rsquo;\u00e9cologie, de la solidarit\u00e9 et du vivre ensemble.<\/p><p>Constituer une association suppose de clarifier son objet, et nous l&rsquo;avons fait pour que l&rsquo;association porte en elle-m\u00eame ce travail sur un projet alternatif pour notre ville, pour que l&rsquo;engagement de la ville en faveur de l&rsquo;\u00e9cologie, de la solidarit\u00e9, et la pr\u00e9paration au monde de demain, se traduise par des d\u00e9cisions concr\u00e8tes dans chaque projet municipal, et dans ses contributions aux politiques du territoire.<\/p><p>Au tout d\u00e9but de la s\u00e9quence des \u00e9lections municipales de mars 2026, il nous a sembl\u00e9 important de r\u00e9unir les cessonnaises et les cessonnais qui ne se reconnaissent pas dans la politique actuelle de la ville dans les domaines de l&rsquo;\u00e9cologie, de l&rsquo;adaptation au monde de demain, de la relation avec la M\u00e9tropole, de l&rsquo;engagement direct de la ville sur ces sujets en dehors d&rsquo;actions confi\u00e9es au priv\u00e9, qui ne se r\u00e9alisent au final pas, ou tr\u00e8s peu, ou qui r\u00e9v\u00e8lent une vision avec trop peu d&rsquo;innovation, d&rsquo;\u00e9coute et d&rsquo;ambition pour notre ville.<\/p><p>L&rsquo;association souhaite donc \u00eatre un creuset de r\u00e9flexions avec les citoyennes et les citoyens, partageant les valeurs \u00e9nonc\u00e9es ici et dans nos\u00a0<a href=\"https:\/\/cesson-sevigne-une-ville-pour-tous.fr\/wp-content\/uploads\/2025\/09\/Cesson-Sevigne-Une-ville-pour-tous-Statuts.pdf\">statuts<\/a>, dans la perspective des \u00e9lections municipales de mars 2026.<\/p><p>Trois valeurs fondamentales nous animent en 2025.<\/p><p>D&rsquo;abord le <strong><span style=\"color: #1ba7a6;\">renouveau de la vie d\u00e9mocratique locale<\/span><\/strong> nous semble \u00eatre une aspiration forte des habitants. Il faut chercher \u00e0 faire vivre la d\u00e9mocratie entre les \u00e9lections, envisager autrement la d\u00e9finition, et la conduite des projets municipaux.<\/p><p>Ensuite, il est primordial de redonner du sens au <strong><span style=\"color: #1ba7a6;\">vivre ensemble<\/span><\/strong>, au lien social qui permet de constituer une communaut\u00e9 et de l&rsquo;ouvrir sur les autres et sur son avenir.<\/p><p>Enfin, les enjeux de l&rsquo;<strong><span style=\"color: #1ba7a6;\">adaptation aux changements climatiques<\/span><\/strong> et aux adaptations n\u00e9cessaires dans tous les champs de la vie quotidienne, doivent \u00eatre adress\u00e9s en premier lieu dans tous les projets et les d\u00e9cisions prises, car elles engagent les g\u00e9n\u00e9rations \u00e0 venir envers lesquelles nous devons faire preuve de <strong><span style=\"color: #1ba7a6;\">solidarit\u00e9 et de pr\u00e9voyance<\/span><\/strong>.<\/p><p>D\u00e9j\u00e0 en 2020, le <a href=\"https:\/\/www.ecologie.gouv.fr\/politiques-publiques\/comprendre-giec\">GIEC<\/a> donnait 10 ans pour infl\u00e9chir les courbes qui d\u00e9crivent un changement climatique au del\u00e0 des objectifs de l&rsquo;accord de Paris de 2015, qui ne visait qu&rsquo;\u00e0 maintenir des conditions de vie consid\u00e9r\u00e9es comme g\u00e9rables, c&rsquo;est-\u00e0-dire pour lesquelles des mesures d&rsquo;adaptation existent et peuvent \u00eatre mises en \u0153uvre.<\/p><p>La lutte contre le r\u00e9chauffement climatique d&rsquo;une part, et les mesures d&rsquo;adaptation en parall\u00e8le d&rsquo;autre part, auraient dues \u00eatre le fil rouge des politiques publiques, au plan national et au plan local pour entra\u00eener l&rsquo;industrie, le transport, l&rsquo;agriculture dans une bascule n\u00e9cessaire. Les rapports officiels successifs du GIEC, et des travaux de chercheurs comme <a href=\"https:\/\/lejournal.cnrs.fr\/articles\/climat-cest-aussi-a-lechelle-des-villes-que-la-transition-va-se-jouer\">ici<\/a>, montraient d\u00e8s 2023, que les villes devaient de saisir du sujet.<\/p><p>Depuis, les canicules sont plus pr\u00e9sentes, les inondations touchent tous les territoires, les probl\u00e8mes d&rsquo;ins\u00e9curit\u00e9 face au d\u00e9r\u00e8glement climatique se r\u00e9p\u00e8tent et ce sont les territoires qui doivent relever le d\u00e9fi de l&rsquo;adaptation \u00e0 ces risques.<\/p><p>Or, sur ce mandat, nous n&rsquo;avons vu que tr\u00e8s peu de d\u00e9cisions et d&rsquo;actions pour prendre en compte ces probl\u00e8mes, \u00e0 notre niveau avec les moyens qui sont les n\u00f4tres, \u00e0 commencer par les priorit\u00e9s r\u00e9elles d\u00e9cid\u00e9es via les choix budg\u00e9taires.<\/p><p>Nous avons vu tr\u00e8s peu d&rsquo;investissements\u00a0 et de r\u00e9alisations concr\u00e8tes abouties en faveur des \u00e9nergies renouvelables, actions tr\u00e8s limit\u00e9es en mati\u00e8re d&rsquo;adaptation urbaine aux fortes chaleur, etc .. la liste est longue des projets o\u00f9 d&rsquo;autres priorit\u00e9s auraient dues \u00eatre\u00a0 pos\u00e9es.<\/p><p>Au m\u00eame moment, la demande en logements, en s\u00e9curit\u00e9 alimentaire, en mobilit\u00e9, augmente, pour ne citer que ces 3 domaines o\u00f9 l&rsquo;effet ciseau entre demandes et contraintes est critique.<\/p><p>Associer les habitants aux choix qu&rsquo;il va falloir faire est donc n\u00e9cessaire, car rien ne se fera sans une implication directe des habitants, tout au long des mandats. La fa\u00e7on de conduire les projets n&rsquo;associent pas assez les habitants en amont, m\u00eame si des r\u00e9unions se tiennent, des relais existent entre associations et pouvoir politique, nous n&rsquo;avons vu aucune commission extra-municipale pour travailler sur des projets en amont de leur premi\u00e8re \u00e9bauche. Les projets structurants sont annonc\u00e9s dans la presse locale alors m\u00eame qu&rsquo;ils sont d\u00e9j\u00e0 en grande partie d\u00e9finis.<\/p><p>L&rsquo;association veut donc relever ce d\u00e9fi de faire travailler les cessonnaises et les cessonnais qui le souhaitent, \u00e0 un <strong><span style=\"color: #1ba7a6;\">projet alternatif dans tous les domaines de la politique de la ville<\/span><\/strong>, dans les projets eux-m\u00eames, mais aussi en amont dans la vie d\u00e9mocratique et la fa\u00e7on de conduire les politiques locales, avec les citoyennes et les citoyens, avec nos partenaires territoriaux, les villes voisines du secteur Est, et la M\u00e9tropole.<\/p><p>Il ne s&rsquo;agit pas de porter ce travail une fois, au d\u00e9but d&rsquo;une s\u00e9quence \u00e9lectorale, mais de cr\u00e9er une structure qui perdurera et travaillera tout au long des mandats.<\/p><p>Vous trouverez ici les <a href=\"https:\/\/cesson-sevigne-une-ville-pour-tous.fr\/wp-content\/uploads\/2025\/09\/Cesson-Sevigne-Une-ville-pour-tous-Statuts.pdf\">statuts de l&rsquo;association<\/a>, d\u00e9pos\u00e9s en Pr\u00e9fecture en juin 2025, et la publication de la cr\u00e9ation de l&rsquo;association au <a href=\"https:\/\/cesson-sevigne-une-ville-pour-tous.fr\/wp-content\/uploads\/2025\/09\/JOAFE_PDF_Unitaire_20250025_00919.pdf\">Journal Officiel<\/a>.<\/p>\t\t\t\t\t\t\t\t<\/div>\n\t\t\t\t<\/div>\n\t\t\t\t\t<\/div>\n\t\t\t\t<\/div>\n\t\t<div class=\"elementor-element elementor-element-b5929c4 e-flex e-con-boxed e-con e-parent\" data-id=\"b5929c4\" data-element_type=\"container\">\n\t\t\t\t\t<div class=\"e-con-inner\">\n\t\t<div class=\"elementor-element elementor-element-c8b0732 e-con-full e-flex e-con e-child\" data-id=\"c8b0732\" data-element_type=\"container\">\n\t\t\t\t<\/div>\n\t\t<div class=\"elementor-element elementor-element-f16b253 e-con-full e-flex e-con e-child\" data-id=\"f16b253\" data-element_type=\"container\">\n\t\t\t\t<div class=\"elementor-element elementor-element-b2b675a elementor-widget elementor-widget-text-editor\" data-id=\"b2b675a\" data-element_type=\"widget\" data-widget_type=\"text-editor.default\">\n\t\t\t\t\t\t\t\t\t<p>Ce site vous permet de nous <strong>contacter<\/strong>, et bient\u00f4t, de vous abonner \u00e0 notre <strong>newsletter<\/strong>.<\/p><p>\u00a0<\/p><p>\u00a0<\/p>\t\t\t\t\t\t\t\t<\/div>\n\t\t\t\t<\/div>\n\t\t\t\t\t<\/div>\n\t\t\t\t<\/div>\n\t\t<div class=\"elementor-element elementor-element-a629bb0 e-flex e-con-boxed e-con e-parent\" data-id=\"a629bb0\" data-element_type=\"container\">\n\t\t\t\t\t<div class=\"e-con-inner\">\n\t\t\t\t\t<\/div>\n\t\t\t\t<\/div>\n\t\t\t\t<\/div>\n\t\t","protected":false},"excerpt":{"rendered":"<p>Nos statuts et nos valeurs L&rsquo;association Cesson-S\u00e9vign\u00e9, une ville pour tous a \u00e9t\u00e9 cr\u00e9\u00e9e en mai 2025 par la volont\u00e9 de personnes qui voulaient redonner du sens \u00e0 leurs engagements [&hellip;]<\/p>\n","protected":false},"author":1,"featured_media":0,"parent":0,"menu_order":0,"comment_status":"closed","ping_status":"closed","template":"elementor_canvas","meta":{"footnotes":""},"class_list":["post-131","page","type-page","status-publish","hentry"],"yoast_head":"<!-- This site is optimized with the Yoast SEO plugin v26.4 - https:\/\/yoast.com\/wordpress\/plugins\/seo\/ -->\n<title>Nos statuts et nos valeurs - Cesson-S\u00e9vign\u00e9, une ville pour tous<\/title>\n<meta name=\"robots\" content=\"index, follow, max-snippet:-1, max-image-preview:large, max-video-preview:-1\" \/>\n<link rel=\"canonical\" href=\"https:\/\/cesson-sevigne-une-ville-pour-tous.fr\/index.php\/nos-statuts-nos-valeurs\/\" \/>\n<meta property=\"og:locale\" content=\"fr_FR\" \/>\n<meta property=\"og:type\" content=\"article\" \/>\n<meta property=\"og:title\" content=\"Nos statuts et nos valeurs - Cesson-S\u00e9vign\u00e9, une ville pour tous\" \/>\n<meta property=\"og:description\" content=\"Nos statuts et nos valeurs L&rsquo;association Cesson-S\u00e9vign\u00e9, une ville pour tous a \u00e9t\u00e9 cr\u00e9\u00e9e en mai 2025 par la volont\u00e9 de personnes qui voulaient redonner du sens \u00e0 leurs engagements [&hellip;]\" \/>\n<meta property=\"og:url\" content=\"https:\/\/cesson-sevigne-une-ville-pour-tous.fr\/index.php\/nos-statuts-nos-valeurs\/\" \/>\n<meta property=\"og:site_name\" content=\"Cesson-S\u00e9vign\u00e9, une ville pour tous\" \/>\n<meta property=\"article:modified_time\" content=\"2025-10-10T10:06:52+00:00\" \/>\n<meta property=\"og:image\" content=\"https:\/\/cesson-sevigne-une-ville-pour-tous.fr\/wp-content\/uploads\/2025\/09\/Logo-B-fondBlanc.png\" \/>\n\t<meta property=\"og:image:width\" content=\"256\" \/>\n\t<meta property=\"og:image:height\" content=\"256\" \/>\n\t<meta property=\"og:image:type\" content=\"image\/png\" \/>\n<meta name=\"twitter:card\" content=\"summary_large_image\" \/>\n<meta name=\"twitter:label1\" content=\"Dur\u00e9e de lecture estim\u00e9e\" \/>\n\t<meta name=\"twitter:data1\" content=\"5 minutes\" \/>\n<script type=\"application\/ld+json\" class=\"yoast-schema-graph\">{\"@context\":\"https:\/\/schema.org\",\"@graph\":[{\"@type\":\"WebPage\",\"@id\":\"https:\/\/cesson-sevigne-une-ville-pour-tous.fr\/index.php\/nos-statuts-nos-valeurs\/\",\"url\":\"https:\/\/cesson-sevigne-une-ville-pour-tous.fr\/index.php\/nos-statuts-nos-valeurs\/\",\"name\":\"Nos statuts et nos valeurs - Cesson-S\u00e9vign\u00e9, une ville pour tous\",\"isPartOf\":{\"@id\":\"https:\/\/cesson-sevigne-une-ville-pour-tous.fr\/#website\"},\"primaryImageOfPage\":{\"@id\":\"https:\/\/cesson-sevigne-une-ville-pour-tous.fr\/index.php\/nos-statuts-nos-valeurs\/#primaryimage\"},\"image\":{\"@id\":\"https:\/\/cesson-sevigne-une-ville-pour-tous.fr\/index.php\/nos-statuts-nos-valeurs\/#primaryimage\"},\"thumbnailUrl\":\"https:\/\/cesson-sevigne-une-ville-pour-tous.fr\/wp-content\/uploads\/2025\/09\/Logo-B-fondBlanc.png\",\"datePublished\":\"2025-09-17T08:29:57+00:00\",\"dateModified\":\"2025-10-10T10:06:52+00:00\",\"breadcrumb\":{\"@id\":\"https:\/\/cesson-sevigne-une-ville-pour-tous.fr\/index.php\/nos-statuts-nos-valeurs\/#breadcrumb\"},\"inLanguage\":\"fr-FR\",\"potentialAction\":[{\"@type\":\"ReadAction\",\"target\":[\"https:\/\/cesson-sevigne-une-ville-pour-tous.fr\/index.php\/nos-statuts-nos-valeurs\/\"]}]},{\"@type\":\"ImageObject\",\"inLanguage\":\"fr-FR\",\"@id\":\"https:\/\/cesson-sevigne-une-ville-pour-tous.fr\/index.php\/nos-statuts-nos-valeurs\/#primaryimage\",\"url\":\"https:\/\/cesson-sevigne-une-ville-pour-tous.fr\/wp-content\/uploads\/2025\/09\/Logo-B-fondBlanc.png\",\"contentUrl\":\"https:\/\/cesson-sevigne-une-ville-pour-tous.fr\/wp-content\/uploads\/2025\/09\/Logo-B-fondBlanc.png\",\"width\":256,\"height\":256},{\"@type\":\"BreadcrumbList\",\"@id\":\"https:\/\/cesson-sevigne-une-ville-pour-tous.fr\/index.php\/nos-statuts-nos-valeurs\/#breadcrumb\",\"itemListElement\":[{\"@type\":\"ListItem\",\"position\":1,\"name\":\"Accueil\",\"item\":\"https:\/\/cesson-sevigne-une-ville-pour-tous.fr\/\"},{\"@type\":\"ListItem\",\"position\":2,\"name\":\"Nos statuts et nos valeurs\"}]},{\"@type\":\"WebSite\",\"@id\":\"https:\/\/cesson-sevigne-une-ville-pour-tous.fr\/#website\",\"url\":\"https:\/\/cesson-sevigne-une-ville-pour-tous.fr\/\",\"name\":\"Cesson-S\u00e9vign\u00e9, une ville pour tous\",\"description\":\"Cesson-S\u00e9vign\u00e9, une ville pour tous\",\"publisher\":{\"@id\":\"https:\/\/cesson-sevigne-une-ville-pour-tous.fr\/#organization\"},\"potentialAction\":[{\"@type\":\"SearchAction\",\"target\":{\"@type\":\"EntryPoint\",\"urlTemplate\":\"https:\/\/cesson-sevigne-une-ville-pour-tous.fr\/?s={search_term_string}\"},\"query-input\":{\"@type\":\"PropertyValueSpecification\",\"valueRequired\":true,\"valueName\":\"search_term_string\"}}],\"inLanguage\":\"fr-FR\"},{\"@type\":\"Organization\",\"@id\":\"https:\/\/cesson-sevigne-une-ville-pour-tous.fr\/#organization\",\"name\":\"Cesson-S\u00e9vign\u00e9, une ville pour tous\",\"url\":\"https:\/\/cesson-sevigne-une-ville-pour-tous.fr\/\",\"logo\":{\"@type\":\"ImageObject\",\"inLanguage\":\"fr-FR\",\"@id\":\"https:\/\/cesson-sevigne-une-ville-pour-tous.fr\/#\/schema\/logo\/image\/\",\"url\":\"https:\/\/cesson-sevigne-une-ville-pour-tous.fr\/wp-content\/uploads\/2025\/09\/cropped-Logo-B-fondBlanc-1.png\",\"contentUrl\":\"https:\/\/cesson-sevigne-une-ville-pour-tous.fr\/wp-content\/uploads\/2025\/09\/cropped-Logo-B-fondBlanc-1.png\",\"width\":256,\"height\":256,\"caption\":\"Cesson-S\u00e9vign\u00e9, une ville pour tous\"},\"image\":{\"@id\":\"https:\/\/cesson-sevigne-une-ville-pour-tous.fr\/#\/schema\/logo\/image\/\"},\"sameAs\":[\"https:\/\/www.instagram.com\/cessonunevillepourtous\"]}]}<\/script>\n<!-- \/ Yoast SEO plugin. -->","yoast_head_json":{"title":"Nos statuts et nos valeurs - Cesson-S\u00e9vign\u00e9, une ville pour tous","robots":{"index":"index","follow":"follow","max-snippet":"max-snippet:-1","max-image-preview":"max-image-preview:large","max-video-preview":"max-video-preview:-1"},"canonical":"https:\/\/cesson-sevigne-une-ville-pour-tous.fr\/index.php\/nos-statuts-nos-valeurs\/","og_locale":"fr_FR","og_type":"article","og_title":"Nos statuts et nos valeurs - Cesson-S\u00e9vign\u00e9, une ville pour tous","og_description":"Nos statuts et nos valeurs L&rsquo;association Cesson-S\u00e9vign\u00e9, une ville pour tous a \u00e9t\u00e9 cr\u00e9\u00e9e en mai 2025 par la volont\u00e9 de personnes qui voulaient redonner du sens \u00e0 leurs engagements [&hellip;]","og_url":"https:\/\/cesson-sevigne-une-ville-pour-tous.fr\/index.php\/nos-statuts-nos-valeurs\/","og_site_name":"Cesson-S\u00e9vign\u00e9, une ville pour tous","article_modified_time":"2025-10-10T10:06:52+00:00","og_image":[{"width":256,"height":256,"url":"https:\/\/cesson-sevigne-une-ville-pour-tous.fr\/wp-content\/uploads\/2025\/09\/Logo-B-fondBlanc.png","type":"image\/png"}],"twitter_card":"summary_large_image","twitter_misc":{"Dur\u00e9e de lecture estim\u00e9e":"5 minutes"},"schema":{"@context":"https:\/\/schema.org","@graph":[{"@type":"WebPage","@id":"https:\/\/cesson-sevigne-une-ville-pour-tous.fr\/index.php\/nos-statuts-nos-valeurs\/","url":"https:\/\/cesson-sevigne-une-ville-pour-tous.fr\/index.php\/nos-statuts-nos-valeurs\/","name":"Nos statuts et nos valeurs - Cesson-S\u00e9vign\u00e9, une ville pour tous","isPartOf":{"@id":"https:\/\/cesson-sevigne-une-ville-pour-tous.fr\/#website"},"primaryImageOfPage":{"@id":"https:\/\/cesson-sevigne-une-ville-pour-tous.fr\/index.php\/nos-statuts-nos-valeurs\/#primaryimage"},"image":{"@id":"https:\/\/cesson-sevigne-une-ville-pour-tous.fr\/index.php\/nos-statuts-nos-valeurs\/#primaryimage"},"thumbnailUrl":"https:\/\/cesson-sevigne-une-ville-pour-tous.fr\/wp-content\/uploads\/2025\/09\/Logo-B-fondBlanc.png","datePublished":"2025-09-17T08:29:57+00:00","dateModified":"2025-10-10T10:06:52+00:00","breadcrumb":{"@id":"https:\/\/cesson-sevigne-une-ville-pour-tous.fr\/index.php\/nos-statuts-nos-valeurs\/#breadcrumb"},"inLanguage":"fr-FR","potentialAction":[{"@type":"ReadAction","target":["https:\/\/cesson-sevigne-une-ville-pour-tous.fr\/index.php\/nos-statuts-nos-valeurs\/"]}]},{"@type":"ImageObject","inLanguage":"fr-FR","@id":"https:\/\/cesson-sevigne-une-ville-pour-tous.fr\/index.php\/nos-statuts-nos-valeurs\/#primaryimage","url":"https:\/\/cesson-sevigne-une-ville-pour-tous.fr\/wp-content\/uploads\/2025\/09\/Logo-B-fondBlanc.png","contentUrl":"https:\/\/cesson-sevigne-une-ville-pour-tous.fr\/wp-content\/uploads\/2025\/09\/Logo-B-fondBlanc.png","width":256,"height":256},{"@type":"BreadcrumbList","@id":"https:\/\/cesson-sevigne-une-ville-pour-tous.fr\/index.php\/nos-statuts-nos-valeurs\/#breadcrumb","itemListElement":[{"@type":"ListItem","position":1,"name":"Accueil","item":"https:\/\/cesson-sevigne-une-ville-pour-tous.fr\/"},{"@type":"ListItem","position":2,"name":"Nos statuts et nos valeurs"}]},{"@type":"WebSite","@id":"https:\/\/cesson-sevigne-une-ville-pour-tous.fr\/#website","url":"https:\/\/cesson-sevigne-une-ville-pour-tous.fr\/","name":"Cesson-S\u00e9vign\u00e9, une ville pour tous","description":"Cesson-S\u00e9vign\u00e9, une ville pour tous","publisher":{"@id":"https:\/\/cesson-sevigne-une-ville-pour-tous.fr\/#organization"},"potentialAction":[{"@type":"SearchAction","target":{"@type":"EntryPoint","urlTemplate":"https:\/\/cesson-sevigne-une-ville-pour-tous.fr\/?s={search_term_string}"},"query-input":{"@type":"PropertyValueSpecification","valueRequired":true,"valueName":"search_term_string"}}],"inLanguage":"fr-FR"},{"@type":"Organization","@id":"https:\/\/cesson-sevigne-une-ville-pour-tous.fr\/#organization","name":"Cesson-S\u00e9vign\u00e9, une ville pour tous","url":"https:\/\/cesson-sevigne-une-ville-pour-tous.fr\/","logo":{"@type":"ImageObject","inLanguage":"fr-FR","@id":"https:\/\/cesson-sevigne-une-ville-pour-tous.fr\/#\/schema\/logo\/image\/","url":"https:\/\/cesson-sevigne-une-ville-pour-tous.fr\/wp-content\/uploads\/2025\/09\/cropped-Logo-B-fondBlanc-1.png","contentUrl":"https:\/\/cesson-sevigne-une-ville-pour-tous.fr\/wp-content\/uploads\/2025\/09\/cropped-Logo-B-fondBlanc-1.png","width":256,"height":256,"caption":"Cesson-S\u00e9vign\u00e9, une ville pour tous"},"image":{"@id":"https:\/\/cesson-sevigne-une-ville-pour-tous.fr\/#\/schema\/logo\/image\/"},"sameAs":["https:\/\/www.instagram.com\/cessonunevillepourtous"]}]}},"_links":{"self":[{"href":"https:\/\/cesson-sevigne-une-ville-pour-tous.fr\/index.php\/wp-json\/wp\/v2\/pages\/131","targetHints":{"allow":["GET"]}}],"collection":[{"href":"https:\/\/cesson-sevigne-une-ville-pour-tous.fr\/index.php\/wp-json\/wp\/v2\/pages"}],"about":[{"href":"https:\/\/cesson-sevigne-une-ville-pour-tous.fr\/index.php\/wp-json\/wp\/v2\/types\/page"}],"author":[{"embeddable":true,"href":"https:\/\/cesson-sevigne-une-ville-pour-tous.fr\/index.php\/wp-json\/wp\/v2\/users\/1"}],"replies":[{"embeddable":true,"href":"https:\/\/cesson-sevigne-une-ville-pour-tous.fr\/index.php\/wp-json\/wp\/v2\/comments?post=131"}],"version-history":[{"count":40,"href":"https:\/\/cesson-sevigne-une-ville-pour-tous.fr\/index.php\/wp-json\/wp\/v2\/pages\/131\/revisions"}],"predecessor-version":[{"id":680,"href":"https:\/\/cesson-sevigne-une-ville-pour-tous.fr\/index.php\/wp-json\/wp\/v2\/pages\/131\/revisions\/680"}],"wp:attachment":[{"href":"https:\/\/cesson-sevigne-une-ville-pour-tous.fr\/index.php\/wp-json\/wp\/v2\/media?parent=131"}],"curies":[{"name":"wp","href":"https:\/\/api.w.org\/{rel}","templated":true}]}}